{"id":6240,"date":"2023-09-05T13:26:16","date_gmt":"2023-09-05T11:26:16","guid":{"rendered":"https:\/\/rentabikesevilla.com\/servicios\/alquiler-de-bicicleta-de-gravel\/"},"modified":"2026-01-15T11:56:25","modified_gmt":"2026-01-15T10:56:25","slug":"alquiler-de-bicicleta-de-gravel","status":"publish","type":"product","link":"https:\/\/rentabikesevilla.com\/nl\/servicios\/alquiler-de-bicicleta-de-gravel\/","title":{"rendered":"Alquiler de Bicicleta de Gravel"},"content":{"rendered":"<p><img decoding=\"async\" loading=\"lazy\" class=\"aligncenter\" src=\"https:\/\/logovectordl.com\/wp-content\/uploads\/2021\/09\/conway-bikes-logo-vector.png\" width=\"335\" height=\"186\" \/><br \/>\nNo hay bicicletas deportivas que sean tan variables como las bicicletas de gravel, tales como la &#8220;GRV 6.0&#8221; de CONWAY. Con su postura moderadamente deportiva, puedes usarla por igual para el trayecto diario al trabajo, para tus rutas de bikepacking en verano y como bicicleta de entrenamiento para el invierno en el barro y la nieve.<\/p>\n<p>Con su cuadro de aluminio y su horquilla de carbono, la &#8220;GRV 6.0&#8221; ofrece una iniciaci\u00f3n s\u00f3lida en esta variedad. Entre otras cosas, porque se puede equipar para que sea totalmente apta para el uso diario. Ya se han previsto todos los c\u00e1ncamos para el montaje de los guardabarros y del portaequipajes.<\/p>\n<p>Su versatilidad tambi\u00e9n se manifiesta en los neum\u00e1ticos: con su perfil, los &#8220;Terra Trail&#8221; de CONTINENTAL son id\u00f3neos para conducir fuera de las carreteras asfaltadas. Con su ancho de 40 mm ofrecen, adem\u00e1s, unas propiedades de amortiguaci\u00f3n agradables. Sin embargo, tambi\u00e9n ruedan de manera suave y silenciosa sobre el asfalto.<\/p>\n<p>El grupo &#8220;GRX400&#8221; de SHIMANO, en la &#8220;GRV 6.0&#8221; con 2 x 10 velocidades y frenos de disco hidr\u00e1ulicos con un di\u00e1metro de 160 mm, est\u00e1 enfocada a ofrecer un gran abanico de posibilidades: desde un pedaleo r\u00e1pido y deportivo hasta uno tranquilo y prolongado, es decir, para pr\u00e1cticamente todos los caminos y tramos con conducci\u00f3n deportiva.<\/p>\n","protected":false},"excerpt":{"rendered":"<p style=\"text-align: center;\"><img decoding=\"async\" loading=\"lazy\" class=\"\" src=\"https:\/\/logovectordl.com\/wp-content\/uploads\/2021\/09\/conway-bikes-logo-vector.png\" width=\"335\" height=\"186\" \/><\/p>\n<p style=\"text-align: center;\">\u00bfEst\u00e1s preparado para descubrir toda una ciudad? En Sevilla, la bicicleta puede ser tu mejor amiga. Olv\u00eddate del tr\u00e1fico y de encontrar aparcamiento, conoce todos sus rincones con un medio de transporte eficaz, seguro, familiar, saludable y respetuoso con el entorno. Elige una fecha, indica el n\u00famero de personas\u2026 \u00a1Y a rodar!<\/p>\n<h4 style=\"text-align: center;\">Precios<\/h4>\n<p style=\"text-align: center;\">1 d\u00eda: 40\u20ac<br \/>\n2 d\u00edas: 65\u20ac<br \/>\n3 d\u00edas: 83\u20ac<\/p>\n<h4 style=\"text-align: center;\">Caracter\u00edsticas t\u00e9cnicas<\/h4>\n<p style=\"text-align: center;\">CONWAY GRV<br \/>\nCuadro Aluminio<\/p>\n<p style=\"text-align: center;\">Horquilla Carbono<\/p>\n<p style=\"text-align: center;\">Frenos disco Shimano<\/p>\n<p style=\"text-align: center;\">Cambio Shimano GRX 10v<br \/>\nTallas\u00a0 M, L y XL<br \/>\n*El alquiler es sin pedales automaticos.<br \/>\n**Como extra se pueden a\u00f1adir pedales autom\u00e1ticos Shimano SPD-SL, Look Keops y Shimano SPD. Precio pedales 5\u20ac por alquiler (En tienda)<\/p>\n","protected":false},"featured_media":6106,"template":"","meta":{"_joinchat":[]},"product_cat":[135],"product_tag":[],"yoast_head":"<!-- This site is optimized with the Yoast SEO plugin v20.9 - https:\/\/yoast.com\/wordpress\/plugins\/seo\/ -->\n<title>Alquiler de Bicicleta de Gravel - Rent a Bike Sevilla<\/title>\n<meta name=\"robots\" content=\"index, follow, max-snippet:-1, max-image-preview:large, max-video-preview:-1\" \/>\n<link rel=\"canonical\" href=\"https:\/\/rentabikesevilla.com\/nl\/servicios\/alquiler-de-bicicleta-de-gravel\/\" \/>\n<meta property=\"og:locale\" content=\"nl_NL\" \/>\n<meta property=\"og:type\" content=\"article\" \/>\n<meta property=\"og:title\" content=\"Alquiler de Bicicleta de Gravel - Rent a Bike Sevilla\" \/>\n<meta property=\"og:url\" content=\"https:\/\/rentabikesevilla.com\/nl\/servicios\/alquiler-de-bicicleta-de-gravel\/\" \/>\n<meta property=\"og:site_name\" content=\"Rent a Bike Sevilla\" \/>\n<meta property=\"article:publisher\" content=\"https:\/\/www.facebook.com\/Rent-a-Bike-Sevilla-275551848809\" \/>\n<meta property=\"article:modified_time\" content=\"2026-01-15T10:56:25+00:00\" \/>\n<meta property=\"og:image\" content=\"https:\/\/rentabikesevilla.com\/wp-content\/uploads\/2023\/09\/02897585_Conway_Gravel_GRV_6-0_1-jpg-1.webp\" \/>\n\t<meta property=\"og:image:width\" content=\"1920\" \/>\n\t<meta property=\"og:image:height\" content=\"1080\" \/>\n\t<meta property=\"og:image:type\" content=\"image\/webp\" \/>\n<meta name=\"twitter:card\" content=\"summary_large_image\" \/>\n<meta name=\"twitter:site\" content=\"@Biciactiva\" \/>\n<script type=\"application\/ld+json\" class=\"yoast-schema-graph\">{\"@context\":\"https:\/\/schema.org\",\"@graph\":[{\"@type\":\"WebPage\",\"@id\":\"https:\/\/rentabikesevilla.com\/nl\/servicios\/alquiler-de-bicicleta-de-gravel\/\",\"url\":\"https:\/\/rentabikesevilla.com\/nl\/servicios\/alquiler-de-bicicleta-de-gravel\/\",\"name\":\"Alquiler de Bicicleta de Gravel - Rent a Bike Sevilla\",\"isPartOf\":{\"@id\":\"https:\/\/rentabikesevilla.com\/nl\/#website\"},\"datePublished\":\"2023-09-05T11:26:16+00:00\",\"dateModified\":\"2026-01-15T10:56:25+00:00\",\"breadcrumb\":{\"@id\":\"https:\/\/rentabikesevilla.com\/nl\/servicios\/alquiler-de-bicicleta-de-gravel\/#breadcrumb\"},\"inLanguage\":\"nl-NL\",\"potentialAction\":[{\"@type\":\"ReadAction\",\"target\":[\"https:\/\/rentabikesevilla.com\/nl\/servicios\/alquiler-de-bicicleta-de-gravel\/\"]}]},{\"@type\":\"BreadcrumbList\",\"@id\":\"https:\/\/rentabikesevilla.com\/nl\/servicios\/alquiler-de-bicicleta-de-gravel\/#breadcrumb\",\"itemListElement\":[{\"@type\":\"ListItem\",\"position\":1,\"name\":\"Portada\",\"item\":\"https:\/\/rentabikesevilla.com\/nl\/rent-a-bike-sevilla\/\"},{\"@type\":\"ListItem\",\"position\":2,\"name\":\"Tienda\",\"item\":\"https:\/\/rentabikesevilla.com\/tienda\/\"},{\"@type\":\"ListItem\",\"position\":3,\"name\":\"Alquiler de Bicicleta de Gravel\"}]},{\"@type\":\"WebSite\",\"@id\":\"https:\/\/rentabikesevilla.com\/nl\/#website\",\"url\":\"https:\/\/rentabikesevilla.com\/nl\/\",\"name\":\"Rent a Bike Sevilla\",\"description\":\"Rent and bike tour in Seville\",\"publisher\":{\"@id\":\"https:\/\/rentabikesevilla.com\/nl\/#organization\"},\"potentialAction\":[{\"@type\":\"SearchAction\",\"target\":{\"@type\":\"EntryPoint\",\"urlTemplate\":\"https:\/\/rentabikesevilla.com\/nl\/?s={search_term_string}\"},\"query-input\":\"required name=search_term_string\"}],\"inLanguage\":\"nl-NL\"},{\"@type\":\"Organization\",\"@id\":\"https:\/\/rentabikesevilla.com\/nl\/#organization\",\"name\":\"Rent a Bike Sevilla\",\"url\":\"https:\/\/rentabikesevilla.com\/nl\/\",\"logo\":{\"@type\":\"ImageObject\",\"inLanguage\":\"nl-NL\",\"@id\":\"https:\/\/rentabikesevilla.com\/nl\/#\/schema\/logo\/image\/\",\"url\":\"https:\/\/rentabikesevilla.com\/wp-content\/uploads\/2016\/08\/icon.png\",\"contentUrl\":\"https:\/\/rentabikesevilla.com\/wp-content\/uploads\/2016\/08\/icon.png\",\"width\":64,\"height\":61,\"caption\":\"Rent a Bike Sevilla\"},\"image\":{\"@id\":\"https:\/\/rentabikesevilla.com\/nl\/#\/schema\/logo\/image\/\"},\"sameAs\":[\"https:\/\/www.facebook.com\/Rent-a-Bike-Sevilla-275551848809\",\"https:\/\/twitter.com\/Biciactiva\",\"https:\/\/www.instagram.com\/rentabikesevilla\/\",\"https:\/\/www.tripadvisor.es\/Attraction_Review-g187443-d3937059-Reviews-Rent_a_Bike_Sevilla-Seville_Province_of_Seville_Andalucia.html\"]}]}<\/script>\n<!-- \/ Yoast SEO plugin. -->","yoast_head_json":{"title":"Alquiler de Bicicleta de Gravel - Rent a Bike Sevilla","robots":{"index":"index","follow":"follow","max-snippet":"max-snippet:-1","max-image-preview":"max-image-preview:large","max-video-preview":"max-video-preview:-1"},"canonical":"https:\/\/rentabikesevilla.com\/nl\/servicios\/alquiler-de-bicicleta-de-gravel\/","og_locale":"nl_NL","og_type":"article","og_title":"Alquiler de Bicicleta de Gravel - Rent a Bike Sevilla","og_url":"https:\/\/rentabikesevilla.com\/nl\/servicios\/alquiler-de-bicicleta-de-gravel\/","og_site_name":"Rent a Bike Sevilla","article_publisher":"https:\/\/www.facebook.com\/Rent-a-Bike-Sevilla-275551848809","article_modified_time":"2026-01-15T10:56:25+00:00","og_image":[{"width":1920,"height":1080,"url":"https:\/\/rentabikesevilla.com\/wp-content\/uploads\/2023\/09\/02897585_Conway_Gravel_GRV_6-0_1-jpg-1.webp","type":"image\/webp"}],"twitter_card":"summary_large_image","twitter_site":"@Biciactiva","schema":{"@context":"https:\/\/schema.org","@graph":[{"@type":"WebPage","@id":"https:\/\/rentabikesevilla.com\/nl\/servicios\/alquiler-de-bicicleta-de-gravel\/","url":"https:\/\/rentabikesevilla.com\/nl\/servicios\/alquiler-de-bicicleta-de-gravel\/","name":"Alquiler de Bicicleta de Gravel - Rent a Bike Sevilla","isPartOf":{"@id":"https:\/\/rentabikesevilla.com\/nl\/#website"},"datePublished":"2023-09-05T11:26:16+00:00","dateModified":"2026-01-15T10:56:25+00:00","breadcrumb":{"@id":"https:\/\/rentabikesevilla.com\/nl\/servicios\/alquiler-de-bicicleta-de-gravel\/#breadcrumb"},"inLanguage":"nl-NL","potentialAction":[{"@type":"ReadAction","target":["https:\/\/rentabikesevilla.com\/nl\/servicios\/alquiler-de-bicicleta-de-gravel\/"]}]},{"@type":"BreadcrumbList","@id":"https:\/\/rentabikesevilla.com\/nl\/servicios\/alquiler-de-bicicleta-de-gravel\/#breadcrumb","itemListElement":[{"@type":"ListItem","position":1,"name":"Portada","item":"https:\/\/rentabikesevilla.com\/nl\/rent-a-bike-sevilla\/"},{"@type":"ListItem","position":2,"name":"Tienda","item":"https:\/\/rentabikesevilla.com\/tienda\/"},{"@type":"ListItem","position":3,"name":"Alquiler de Bicicleta de Gravel"}]},{"@type":"WebSite","@id":"https:\/\/rentabikesevilla.com\/nl\/#website","url":"https:\/\/rentabikesevilla.com\/nl\/","name":"Rent a Bike Sevilla","description":"Rent and bike tour in Seville","publisher":{"@id":"https:\/\/rentabikesevilla.com\/nl\/#organization"},"potentialAction":[{"@type":"SearchAction","target":{"@type":"EntryPoint","urlTemplate":"https:\/\/rentabikesevilla.com\/nl\/?s={search_term_string}"},"query-input":"required name=search_term_string"}],"inLanguage":"nl-NL"},{"@type":"Organization","@id":"https:\/\/rentabikesevilla.com\/nl\/#organization","name":"Rent a Bike Sevilla","url":"https:\/\/rentabikesevilla.com\/nl\/","logo":{"@type":"ImageObject","inLanguage":"nl-NL","@id":"https:\/\/rentabikesevilla.com\/nl\/#\/schema\/logo\/image\/","url":"https:\/\/rentabikesevilla.com\/wp-content\/uploads\/2016\/08\/icon.png","contentUrl":"https:\/\/rentabikesevilla.com\/wp-content\/uploads\/2016\/08\/icon.png","width":64,"height":61,"caption":"Rent a Bike Sevilla"},"image":{"@id":"https:\/\/rentabikesevilla.com\/nl\/#\/schema\/logo\/image\/"},"sameAs":["https:\/\/www.facebook.com\/Rent-a-Bike-Sevilla-275551848809","https:\/\/twitter.com\/Biciactiva","https:\/\/www.instagram.com\/rentabikesevilla\/","https:\/\/www.tripadvisor.es\/Attraction_Review-g187443-d3937059-Reviews-Rent_a_Bike_Sevilla-Seville_Province_of_Seville_Andalucia.html"]}]}},"_links":{"self":[{"href":"https:\/\/rentabikesevilla.com\/nl\/wp-json\/wp\/v2\/product\/6240"}],"collection":[{"href":"https:\/\/rentabikesevilla.com\/nl\/wp-json\/wp\/v2\/product"}],"about":[{"href":"https:\/\/rentabikesevilla.com\/nl\/wp-json\/wp\/v2\/types\/product"}],"wp:featuredmedia":[{"embeddable":true,"href":"https:\/\/rentabikesevilla.com\/nl\/wp-json\/wp\/v2\/media\/6106"}],"wp:attachment":[{"href":"https:\/\/rentabikesevilla.com\/nl\/wp-json\/wp\/v2\/media?parent=6240"}],"wp:term":[{"taxonomy":"product_cat","embeddable":true,"href":"https:\/\/rentabikesevilla.com\/nl\/wp-json\/wp\/v2\/product_cat?post=6240"},{"taxonomy":"product_tag","embeddable":true,"href":"https:\/\/rentabikesevilla.com\/nl\/wp-json\/wp\/v2\/product_tag?post=6240"}],"curies":[{"name":"wp","href":"https:\/\/api.w.org\/{rel}","templated":true}]}}