{"id":6232,"date":"2017-03-23T15:17:54","date_gmt":"2017-03-23T14:17:54","guid":{"rendered":"https:\/\/rentabikesevilla.com\/servicios\/alquiler-de-bicicleta-plegable\/"},"modified":"2026-01-15T11:49:41","modified_gmt":"2026-01-15T10:49:41","slug":"alquiler-de-bicicleta-plegable","status":"publish","type":"product","link":"https:\/\/rentabikesevilla.com\/nl\/servicios\/alquiler-de-bicicleta-plegable\/","title":{"rendered":"Alquiler de Bicicleta Plegable"},"content":{"rendered":"<div class=\"wpb_column vc_column_container vc_col-sm-4\">\n<div class=\"vc_column-inner \">\n<div class=\"wpb_wrapper\">\n<div class=\"sober-icon-box icon-type-image icon-style-normal \">\n<div class=\"box-content\"><img decoding=\"async\" loading=\"lazy\" class=\"aligncenter size-full wp-image-2956\" src=\"https:\/\/rentabikesevilla.com\/wp-content\/uploads\/2017\/03\/logodahon.jpg\" alt=\"\" width=\"196\" height=\"85\" \/>Un juego de bisagras permiten plegarla, haciendo ma\u0301s fa\u0301cil guardarla en un espacio reducido, como un maletero, o llevarla a bordo del transporte pu\u0301blico.<\/div>\n<\/div>\n<\/div>\n<\/div>\n<\/div>\n","protected":false},"excerpt":{"rendered":"<p style=\"text-align: center;\"><img decoding=\"async\" loading=\"lazy\" class=\"aligncenter size-full wp-image-2956\" src=\"https:\/\/rentabikesevilla.com\/wp-content\/uploads\/2017\/03\/logodahon.jpg\" alt=\"\" width=\"196\" height=\"85\" \/>\u00bfEst\u00e1s preparado para descubrir toda una ciudad? En Sevilla, la bicicleta puede ser tu mejor amiga. Olv\u00eddate del tr\u00e1fico y de encontrar aparcamiento, conoce todos sus rincones con un medio de transporte eficaz, seguro, familiar, saludable y respetuoso con el entorno. Elige una fecha, indica el n\u00famero de personas\u2026 \u00a1Y a rodar!<\/p>\n<h4 style=\"text-align: center;\">Precios<\/h4>\n<p style=\"text-align: center;\">1 d\u00eda: 12\u20ac<br \/>\n2 d\u00edas: 20\u20ac<br \/>\n3 d\u00edas: 28\u20ac<\/p>\n<h4 style=\"text-align: center;\">Caracter\u00edsticas t\u00e9cnicas<\/h4>\n<p style=\"text-align: center;\">DAHON VYBE<br \/>\nCuadro aluminio \u00b7 acero<br \/>\nCambio de 7 velocidades<br \/>\nRueda 20\u201d<br \/>\nAltura m\u00e1xima ciclista 185cm<br \/>\nTalla Unica<\/p>\n","protected":false},"featured_media":5977,"template":"","meta":{"_joinchat":[]},"product_cat":[135],"product_tag":[],"yoast_head":"<!-- This site is optimized with the Yoast SEO plugin v20.9 - https:\/\/yoast.com\/wordpress\/plugins\/seo\/ -->\n<title>Alquiler de Bicicleta Plegable - Rent a Bike Sevilla<\/title>\n<meta name=\"robots\" content=\"index, follow, max-snippet:-1, max-image-preview:large, max-video-preview:-1\" \/>\n<link rel=\"canonical\" href=\"https:\/\/rentabikesevilla.com\/nl\/servicios\/alquiler-de-bicicleta-plegable\/\" \/>\n<meta property=\"og:locale\" content=\"nl_NL\" \/>\n<meta property=\"og:type\" content=\"article\" \/>\n<meta property=\"og:title\" content=\"Alquiler de Bicicleta Plegable - Rent a Bike Sevilla\" \/>\n<meta property=\"og:url\" content=\"https:\/\/rentabikesevilla.com\/nl\/servicios\/alquiler-de-bicicleta-plegable\/\" \/>\n<meta property=\"og:site_name\" content=\"Rent a Bike Sevilla\" \/>\n<meta property=\"article:publisher\" content=\"https:\/\/www.facebook.com\/Rent-a-Bike-Sevilla-275551848809\" \/>\n<meta property=\"article:modified_time\" content=\"2026-01-15T10:49:41+00:00\" \/>\n<meta property=\"og:image\" content=\"https:\/\/rentabikesevilla.com\/wp-content\/uploads\/2017\/03\/plegable.jpg\" \/>\n\t<meta property=\"og:image:width\" content=\"897\" \/>\n\t<meta property=\"og:image:height\" content=\"908\" \/>\n\t<meta property=\"og:image:type\" content=\"image\/jpeg\" \/>\n<meta name=\"twitter:card\" content=\"summary_large_image\" \/>\n<meta name=\"twitter:site\" content=\"@Biciactiva\" \/>\n<script type=\"application\/ld+json\" class=\"yoast-schema-graph\">{\"@context\":\"https:\/\/schema.org\",\"@graph\":[{\"@type\":\"WebPage\",\"@id\":\"https:\/\/rentabikesevilla.com\/nl\/servicios\/alquiler-de-bicicleta-plegable\/\",\"url\":\"https:\/\/rentabikesevilla.com\/nl\/servicios\/alquiler-de-bicicleta-plegable\/\",\"name\":\"Alquiler de Bicicleta Plegable - Rent a Bike Sevilla\",\"isPartOf\":{\"@id\":\"https:\/\/rentabikesevilla.com\/nl\/#website\"},\"datePublished\":\"2017-03-23T14:17:54+00:00\",\"dateModified\":\"2026-01-15T10:49:41+00:00\",\"breadcrumb\":{\"@id\":\"https:\/\/rentabikesevilla.com\/nl\/servicios\/alquiler-de-bicicleta-plegable\/#breadcrumb\"},\"inLanguage\":\"nl-NL\",\"potentialAction\":[{\"@type\":\"ReadAction\",\"target\":[\"https:\/\/rentabikesevilla.com\/nl\/servicios\/alquiler-de-bicicleta-plegable\/\"]}]},{\"@type\":\"BreadcrumbList\",\"@id\":\"https:\/\/rentabikesevilla.com\/nl\/servicios\/alquiler-de-bicicleta-plegable\/#breadcrumb\",\"itemListElement\":[{\"@type\":\"ListItem\",\"position\":1,\"name\":\"Portada\",\"item\":\"https:\/\/rentabikesevilla.com\/nl\/rent-a-bike-sevilla\/\"},{\"@type\":\"ListItem\",\"position\":2,\"name\":\"Tienda\",\"item\":\"https:\/\/rentabikesevilla.com\/tienda\/\"},{\"@type\":\"ListItem\",\"position\":3,\"name\":\"Alquiler de Bicicleta Plegable\"}]},{\"@type\":\"WebSite\",\"@id\":\"https:\/\/rentabikesevilla.com\/nl\/#website\",\"url\":\"https:\/\/rentabikesevilla.com\/nl\/\",\"name\":\"Rent a Bike Sevilla\",\"description\":\"Rent and bike tour in Seville\",\"publisher\":{\"@id\":\"https:\/\/rentabikesevilla.com\/nl\/#organization\"},\"potentialAction\":[{\"@type\":\"SearchAction\",\"target\":{\"@type\":\"EntryPoint\",\"urlTemplate\":\"https:\/\/rentabikesevilla.com\/nl\/?s={search_term_string}\"},\"query-input\":\"required name=search_term_string\"}],\"inLanguage\":\"nl-NL\"},{\"@type\":\"Organization\",\"@id\":\"https:\/\/rentabikesevilla.com\/nl\/#organization\",\"name\":\"Rent a Bike Sevilla\",\"url\":\"https:\/\/rentabikesevilla.com\/nl\/\",\"logo\":{\"@type\":\"ImageObject\",\"inLanguage\":\"nl-NL\",\"@id\":\"https:\/\/rentabikesevilla.com\/nl\/#\/schema\/logo\/image\/\",\"url\":\"https:\/\/rentabikesevilla.com\/wp-content\/uploads\/2016\/08\/icon.png\",\"contentUrl\":\"https:\/\/rentabikesevilla.com\/wp-content\/uploads\/2016\/08\/icon.png\",\"width\":64,\"height\":61,\"caption\":\"Rent a Bike Sevilla\"},\"image\":{\"@id\":\"https:\/\/rentabikesevilla.com\/nl\/#\/schema\/logo\/image\/\"},\"sameAs\":[\"https:\/\/www.facebook.com\/Rent-a-Bike-Sevilla-275551848809\",\"https:\/\/twitter.com\/Biciactiva\",\"https:\/\/www.instagram.com\/rentabikesevilla\/\",\"https:\/\/www.tripadvisor.es\/Attraction_Review-g187443-d3937059-Reviews-Rent_a_Bike_Sevilla-Seville_Province_of_Seville_Andalucia.html\"]}]}<\/script>\n<!-- \/ Yoast SEO plugin. -->","yoast_head_json":{"title":"Alquiler de Bicicleta Plegable - Rent a Bike Sevilla","robots":{"index":"index","follow":"follow","max-snippet":"max-snippet:-1","max-image-preview":"max-image-preview:large","max-video-preview":"max-video-preview:-1"},"canonical":"https:\/\/rentabikesevilla.com\/nl\/servicios\/alquiler-de-bicicleta-plegable\/","og_locale":"nl_NL","og_type":"article","og_title":"Alquiler de Bicicleta Plegable - Rent a Bike Sevilla","og_url":"https:\/\/rentabikesevilla.com\/nl\/servicios\/alquiler-de-bicicleta-plegable\/","og_site_name":"Rent a Bike Sevilla","article_publisher":"https:\/\/www.facebook.com\/Rent-a-Bike-Sevilla-275551848809","article_modified_time":"2026-01-15T10:49:41+00:00","og_image":[{"width":897,"height":908,"url":"https:\/\/rentabikesevilla.com\/wp-content\/uploads\/2017\/03\/plegable.jpg","type":"image\/jpeg"}],"twitter_card":"summary_large_image","twitter_site":"@Biciactiva","schema":{"@context":"https:\/\/schema.org","@graph":[{"@type":"WebPage","@id":"https:\/\/rentabikesevilla.com\/nl\/servicios\/alquiler-de-bicicleta-plegable\/","url":"https:\/\/rentabikesevilla.com\/nl\/servicios\/alquiler-de-bicicleta-plegable\/","name":"Alquiler de Bicicleta Plegable - Rent a Bike Sevilla","isPartOf":{"@id":"https:\/\/rentabikesevilla.com\/nl\/#website"},"datePublished":"2017-03-23T14:17:54+00:00","dateModified":"2026-01-15T10:49:41+00:00","breadcrumb":{"@id":"https:\/\/rentabikesevilla.com\/nl\/servicios\/alquiler-de-bicicleta-plegable\/#breadcrumb"},"inLanguage":"nl-NL","potentialAction":[{"@type":"ReadAction","target":["https:\/\/rentabikesevilla.com\/nl\/servicios\/alquiler-de-bicicleta-plegable\/"]}]},{"@type":"BreadcrumbList","@id":"https:\/\/rentabikesevilla.com\/nl\/servicios\/alquiler-de-bicicleta-plegable\/#breadcrumb","itemListElement":[{"@type":"ListItem","position":1,"name":"Portada","item":"https:\/\/rentabikesevilla.com\/nl\/rent-a-bike-sevilla\/"},{"@type":"ListItem","position":2,"name":"Tienda","item":"https:\/\/rentabikesevilla.com\/tienda\/"},{"@type":"ListItem","position":3,"name":"Alquiler de Bicicleta Plegable"}]},{"@type":"WebSite","@id":"https:\/\/rentabikesevilla.com\/nl\/#website","url":"https:\/\/rentabikesevilla.com\/nl\/","name":"Rent a Bike Sevilla","description":"Rent and bike tour in Seville","publisher":{"@id":"https:\/\/rentabikesevilla.com\/nl\/#organization"},"potentialAction":[{"@type":"SearchAction","target":{"@type":"EntryPoint","urlTemplate":"https:\/\/rentabikesevilla.com\/nl\/?s={search_term_string}"},"query-input":"required name=search_term_string"}],"inLanguage":"nl-NL"},{"@type":"Organization","@id":"https:\/\/rentabikesevilla.com\/nl\/#organization","name":"Rent a Bike Sevilla","url":"https:\/\/rentabikesevilla.com\/nl\/","logo":{"@type":"ImageObject","inLanguage":"nl-NL","@id":"https:\/\/rentabikesevilla.com\/nl\/#\/schema\/logo\/image\/","url":"https:\/\/rentabikesevilla.com\/wp-content\/uploads\/2016\/08\/icon.png","contentUrl":"https:\/\/rentabikesevilla.com\/wp-content\/uploads\/2016\/08\/icon.png","width":64,"height":61,"caption":"Rent a Bike Sevilla"},"image":{"@id":"https:\/\/rentabikesevilla.com\/nl\/#\/schema\/logo\/image\/"},"sameAs":["https:\/\/www.facebook.com\/Rent-a-Bike-Sevilla-275551848809","https:\/\/twitter.com\/Biciactiva","https:\/\/www.instagram.com\/rentabikesevilla\/","https:\/\/www.tripadvisor.es\/Attraction_Review-g187443-d3937059-Reviews-Rent_a_Bike_Sevilla-Seville_Province_of_Seville_Andalucia.html"]}]}},"_links":{"self":[{"href":"https:\/\/rentabikesevilla.com\/nl\/wp-json\/wp\/v2\/product\/6232"}],"collection":[{"href":"https:\/\/rentabikesevilla.com\/nl\/wp-json\/wp\/v2\/product"}],"about":[{"href":"https:\/\/rentabikesevilla.com\/nl\/wp-json\/wp\/v2\/types\/product"}],"wp:featuredmedia":[{"embeddable":true,"href":"https:\/\/rentabikesevilla.com\/nl\/wp-json\/wp\/v2\/media\/5977"}],"wp:attachment":[{"href":"https:\/\/rentabikesevilla.com\/nl\/wp-json\/wp\/v2\/media?parent=6232"}],"wp:term":[{"taxonomy":"product_cat","embeddable":true,"href":"https:\/\/rentabikesevilla.com\/nl\/wp-json\/wp\/v2\/product_cat?post=6232"},{"taxonomy":"product_tag","embeddable":true,"href":"https:\/\/rentabikesevilla.com\/nl\/wp-json\/wp\/v2\/product_tag?post=6232"}],"curies":[{"name":"wp","href":"https:\/\/api.w.org\/{rel}","templated":true}]}}