{"id":6230,"date":"2017-03-23T15:17:17","date_gmt":"2017-03-23T14:17:17","guid":{"rendered":"https:\/\/rentabikesevilla.com\/servicios\/alquiler-de-bicicleta-de-trekking\/"},"modified":"2026-01-15T11:47:41","modified_gmt":"2026-01-15T10:47:41","slug":"alquiler-de-bicicleta-de-trekking","status":"publish","type":"product","link":"https:\/\/rentabikesevilla.com\/nl\/servicios\/alquiler-de-bicicleta-de-trekking\/","title":{"rendered":"Alquiler de Bicicleta de Trekking"},"content":{"rendered":"<p><img decoding=\"async\" loading=\"lazy\" class=\"aligncenter size-full wp-image-2955\" src=\"https:\/\/rentabikesevilla.com\/wp-content\/uploads\/2017\/03\/logokalkhoff.jpg\" alt=\"\" width=\"196\" height=\"85\" \/>Este tipo de bicicleta esta\u0301 habilitada circular por el campo y senderos, al tiempo que en entorno urbano. Perfectas para los ciclistas ma\u0301s polivalentes.<\/p>\n","protected":false},"excerpt":{"rendered":"<p style=\"text-align: center;\"><img decoding=\"async\" loading=\"lazy\" class=\"aligncenter size-full wp-image-2955\" src=\"https:\/\/rentabikesevilla.com\/wp-content\/uploads\/2017\/03\/logokalkhoff.jpg\" alt=\"\" width=\"196\" height=\"85\" \/>\u00bfEst\u00e1s preparado para descubrir toda una ciudad? En Sevilla, la bicicleta puede ser tu mejor amiga. Olv\u00eddate del tr\u00e1fico y de encontrar aparcamiento, conoce todos sus rincones con un medio de transporte eficaz, seguro, familiar, saludable y respetuoso con el entorno. Elige una fecha, indica el n\u00famero de personas\u2026 \u00a1Y a rodar!<\/p>\n<h4 style=\"text-align: center;\">Precios<\/h4>\n<p style=\"text-align: center;\">1 d\u00eda: 15\u20ac<br \/>\n2 d\u00edas: 25\u20ac<br \/>\n3 d\u00edas: 35\u20ac<\/p>\n<h4 style=\"text-align: center;\">Caracter\u00edsticas t\u00e9cnicas<\/h4>\n<p style=\"text-align: center;\">KALKHOFF JUBILEE \u00b7 BLACKWOOD<br \/>\nCuadro aluminio<br \/>\nCambio Shimano 21v \u00b7 Nexus 7v<br \/>\nHorquilla suspensi\u00f3n<br \/>\nLuz dinamo buje<br \/>\nRueda 28\u201d y 26\u201d<br \/>\nTallas XS, S, M, L, XL<\/p>\n","protected":false},"featured_media":5979,"template":"","meta":{"_joinchat":[]},"product_cat":[135],"product_tag":[],"yoast_head":"<!-- This site is optimized with the Yoast SEO plugin v20.9 - https:\/\/yoast.com\/wordpress\/plugins\/seo\/ -->\n<title>Alquiler de Bicicleta de Trekking - Rent a Bike Sevilla<\/title>\n<meta name=\"robots\" content=\"index, follow, max-snippet:-1, max-image-preview:large, max-video-preview:-1\" \/>\n<link rel=\"canonical\" href=\"https:\/\/rentabikesevilla.com\/nl\/servicios\/alquiler-de-bicicleta-de-trekking\/\" \/>\n<meta property=\"og:locale\" content=\"nl_NL\" \/>\n<meta property=\"og:type\" content=\"article\" \/>\n<meta property=\"og:title\" content=\"Alquiler de Bicicleta de Trekking - Rent a Bike Sevilla\" \/>\n<meta property=\"og:url\" content=\"https:\/\/rentabikesevilla.com\/nl\/servicios\/alquiler-de-bicicleta-de-trekking\/\" \/>\n<meta property=\"og:site_name\" content=\"Rent a Bike Sevilla\" \/>\n<meta property=\"article:publisher\" content=\"https:\/\/www.facebook.com\/Rent-a-Bike-Sevilla-275551848809\" \/>\n<meta property=\"article:modified_time\" content=\"2026-01-15T10:47:41+00:00\" \/>\n<meta property=\"og:image\" content=\"https:\/\/rentabikesevilla.com\/wp-content\/uploads\/2017\/03\/trekking.jpg\" \/>\n\t<meta property=\"og:image:width\" content=\"897\" \/>\n\t<meta property=\"og:image:height\" content=\"908\" \/>\n\t<meta property=\"og:image:type\" content=\"image\/jpeg\" \/>\n<meta name=\"twitter:card\" content=\"summary_large_image\" \/>\n<meta name=\"twitter:site\" content=\"@Biciactiva\" \/>\n<script type=\"application\/ld+json\" class=\"yoast-schema-graph\">{\"@context\":\"https:\/\/schema.org\",\"@graph\":[{\"@type\":\"WebPage\",\"@id\":\"https:\/\/rentabikesevilla.com\/nl\/servicios\/alquiler-de-bicicleta-de-trekking\/\",\"url\":\"https:\/\/rentabikesevilla.com\/nl\/servicios\/alquiler-de-bicicleta-de-trekking\/\",\"name\":\"Alquiler de Bicicleta de Trekking - Rent a Bike Sevilla\",\"isPartOf\":{\"@id\":\"https:\/\/rentabikesevilla.com\/nl\/#website\"},\"datePublished\":\"2017-03-23T14:17:17+00:00\",\"dateModified\":\"2026-01-15T10:47:41+00:00\",\"breadcrumb\":{\"@id\":\"https:\/\/rentabikesevilla.com\/nl\/servicios\/alquiler-de-bicicleta-de-trekking\/#breadcrumb\"},\"inLanguage\":\"nl-NL\",\"potentialAction\":[{\"@type\":\"ReadAction\",\"target\":[\"https:\/\/rentabikesevilla.com\/nl\/servicios\/alquiler-de-bicicleta-de-trekking\/\"]}]},{\"@type\":\"BreadcrumbList\",\"@id\":\"https:\/\/rentabikesevilla.com\/nl\/servicios\/alquiler-de-bicicleta-de-trekking\/#breadcrumb\",\"itemListElement\":[{\"@type\":\"ListItem\",\"position\":1,\"name\":\"Portada\",\"item\":\"https:\/\/rentabikesevilla.com\/nl\/rent-a-bike-sevilla\/\"},{\"@type\":\"ListItem\",\"position\":2,\"name\":\"Tienda\",\"item\":\"https:\/\/rentabikesevilla.com\/tienda\/\"},{\"@type\":\"ListItem\",\"position\":3,\"name\":\"Alquiler de Bicicleta de Trekking\"}]},{\"@type\":\"WebSite\",\"@id\":\"https:\/\/rentabikesevilla.com\/nl\/#website\",\"url\":\"https:\/\/rentabikesevilla.com\/nl\/\",\"name\":\"Rent a Bike Sevilla\",\"description\":\"Rent and bike tour in Seville\",\"publisher\":{\"@id\":\"https:\/\/rentabikesevilla.com\/nl\/#organization\"},\"potentialAction\":[{\"@type\":\"SearchAction\",\"target\":{\"@type\":\"EntryPoint\",\"urlTemplate\":\"https:\/\/rentabikesevilla.com\/nl\/?s={search_term_string}\"},\"query-input\":\"required name=search_term_string\"}],\"inLanguage\":\"nl-NL\"},{\"@type\":\"Organization\",\"@id\":\"https:\/\/rentabikesevilla.com\/nl\/#organization\",\"name\":\"Rent a Bike Sevilla\",\"url\":\"https:\/\/rentabikesevilla.com\/nl\/\",\"logo\":{\"@type\":\"ImageObject\",\"inLanguage\":\"nl-NL\",\"@id\":\"https:\/\/rentabikesevilla.com\/nl\/#\/schema\/logo\/image\/\",\"url\":\"https:\/\/rentabikesevilla.com\/wp-content\/uploads\/2016\/08\/icon.png\",\"contentUrl\":\"https:\/\/rentabikesevilla.com\/wp-content\/uploads\/2016\/08\/icon.png\",\"width\":64,\"height\":61,\"caption\":\"Rent a Bike Sevilla\"},\"image\":{\"@id\":\"https:\/\/rentabikesevilla.com\/nl\/#\/schema\/logo\/image\/\"},\"sameAs\":[\"https:\/\/www.facebook.com\/Rent-a-Bike-Sevilla-275551848809\",\"https:\/\/twitter.com\/Biciactiva\",\"https:\/\/www.instagram.com\/rentabikesevilla\/\",\"https:\/\/www.tripadvisor.es\/Attraction_Review-g187443-d3937059-Reviews-Rent_a_Bike_Sevilla-Seville_Province_of_Seville_Andalucia.html\"]}]}<\/script>\n<!-- \/ Yoast SEO plugin. -->","yoast_head_json":{"title":"Alquiler de Bicicleta de Trekking - Rent a Bike Sevilla","robots":{"index":"index","follow":"follow","max-snippet":"max-snippet:-1","max-image-preview":"max-image-preview:large","max-video-preview":"max-video-preview:-1"},"canonical":"https:\/\/rentabikesevilla.com\/nl\/servicios\/alquiler-de-bicicleta-de-trekking\/","og_locale":"nl_NL","og_type":"article","og_title":"Alquiler de Bicicleta de Trekking - Rent a Bike Sevilla","og_url":"https:\/\/rentabikesevilla.com\/nl\/servicios\/alquiler-de-bicicleta-de-trekking\/","og_site_name":"Rent a Bike Sevilla","article_publisher":"https:\/\/www.facebook.com\/Rent-a-Bike-Sevilla-275551848809","article_modified_time":"2026-01-15T10:47:41+00:00","og_image":[{"width":897,"height":908,"url":"https:\/\/rentabikesevilla.com\/wp-content\/uploads\/2017\/03\/trekking.jpg","type":"image\/jpeg"}],"twitter_card":"summary_large_image","twitter_site":"@Biciactiva","schema":{"@context":"https:\/\/schema.org","@graph":[{"@type":"WebPage","@id":"https:\/\/rentabikesevilla.com\/nl\/servicios\/alquiler-de-bicicleta-de-trekking\/","url":"https:\/\/rentabikesevilla.com\/nl\/servicios\/alquiler-de-bicicleta-de-trekking\/","name":"Alquiler de Bicicleta de Trekking - Rent a Bike Sevilla","isPartOf":{"@id":"https:\/\/rentabikesevilla.com\/nl\/#website"},"datePublished":"2017-03-23T14:17:17+00:00","dateModified":"2026-01-15T10:47:41+00:00","breadcrumb":{"@id":"https:\/\/rentabikesevilla.com\/nl\/servicios\/alquiler-de-bicicleta-de-trekking\/#breadcrumb"},"inLanguage":"nl-NL","potentialAction":[{"@type":"ReadAction","target":["https:\/\/rentabikesevilla.com\/nl\/servicios\/alquiler-de-bicicleta-de-trekking\/"]}]},{"@type":"BreadcrumbList","@id":"https:\/\/rentabikesevilla.com\/nl\/servicios\/alquiler-de-bicicleta-de-trekking\/#breadcrumb","itemListElement":[{"@type":"ListItem","position":1,"name":"Portada","item":"https:\/\/rentabikesevilla.com\/nl\/rent-a-bike-sevilla\/"},{"@type":"ListItem","position":2,"name":"Tienda","item":"https:\/\/rentabikesevilla.com\/tienda\/"},{"@type":"ListItem","position":3,"name":"Alquiler de Bicicleta de Trekking"}]},{"@type":"WebSite","@id":"https:\/\/rentabikesevilla.com\/nl\/#website","url":"https:\/\/rentabikesevilla.com\/nl\/","name":"Rent a Bike Sevilla","description":"Rent and bike tour in Seville","publisher":{"@id":"https:\/\/rentabikesevilla.com\/nl\/#organization"},"potentialAction":[{"@type":"SearchAction","target":{"@type":"EntryPoint","urlTemplate":"https:\/\/rentabikesevilla.com\/nl\/?s={search_term_string}"},"query-input":"required name=search_term_string"}],"inLanguage":"nl-NL"},{"@type":"Organization","@id":"https:\/\/rentabikesevilla.com\/nl\/#organization","name":"Rent a Bike Sevilla","url":"https:\/\/rentabikesevilla.com\/nl\/","logo":{"@type":"ImageObject","inLanguage":"nl-NL","@id":"https:\/\/rentabikesevilla.com\/nl\/#\/schema\/logo\/image\/","url":"https:\/\/rentabikesevilla.com\/wp-content\/uploads\/2016\/08\/icon.png","contentUrl":"https:\/\/rentabikesevilla.com\/wp-content\/uploads\/2016\/08\/icon.png","width":64,"height":61,"caption":"Rent a Bike Sevilla"},"image":{"@id":"https:\/\/rentabikesevilla.com\/nl\/#\/schema\/logo\/image\/"},"sameAs":["https:\/\/www.facebook.com\/Rent-a-Bike-Sevilla-275551848809","https:\/\/twitter.com\/Biciactiva","https:\/\/www.instagram.com\/rentabikesevilla\/","https:\/\/www.tripadvisor.es\/Attraction_Review-g187443-d3937059-Reviews-Rent_a_Bike_Sevilla-Seville_Province_of_Seville_Andalucia.html"]}]}},"_links":{"self":[{"href":"https:\/\/rentabikesevilla.com\/nl\/wp-json\/wp\/v2\/product\/6230"}],"collection":[{"href":"https:\/\/rentabikesevilla.com\/nl\/wp-json\/wp\/v2\/product"}],"about":[{"href":"https:\/\/rentabikesevilla.com\/nl\/wp-json\/wp\/v2\/types\/product"}],"wp:featuredmedia":[{"embeddable":true,"href":"https:\/\/rentabikesevilla.com\/nl\/wp-json\/wp\/v2\/media\/5979"}],"wp:attachment":[{"href":"https:\/\/rentabikesevilla.com\/nl\/wp-json\/wp\/v2\/media?parent=6230"}],"wp:term":[{"taxonomy":"product_cat","embeddable":true,"href":"https:\/\/rentabikesevilla.com\/nl\/wp-json\/wp\/v2\/product_cat?post=6230"},{"taxonomy":"product_tag","embeddable":true,"href":"https:\/\/rentabikesevilla.com\/nl\/wp-json\/wp\/v2\/product_tag?post=6230"}],"curies":[{"name":"wp","href":"https:\/\/api.w.org\/{rel}","templated":true}]}}