{"id":6224,"date":"2017-03-24T09:59:46","date_gmt":"2017-03-24T08:59:46","guid":{"rendered":"https:\/\/rentabikesevilla.com\/servicios\/tour-en-bicicleta-en-sevilla\/"},"modified":"2017-03-24T09:59:46","modified_gmt":"2017-03-24T08:59:46","slug":"tour-en-bicicleta-en-sevilla","status":"publish","type":"product","link":"https:\/\/rentabikesevilla.com\/nl\/servicios\/tour-en-bicicleta-en-sevilla\/","title":{"rendered":"Tour por Sevilla en bicicleta"},"content":{"rendered":"<p><strong>Descubre Sevilla en Bicicleta: El Tour Guiado Perfecto<\/strong><\/p>\n<p>Explora la belleza y el encanto de Sevilla en un recorrido guiado en bicicleta que te llevar\u00e1 por sus rincones m\u00e1s emblem\u00e1ticos. Nuestro tour comienza en la <strong>Plaza de Santa Cruz<\/strong>, un pintoresco punto de partida rodeado de calles estrechas y adoquinadas llenas de historia.<\/p>\n<p>Desde aqu\u00ed, nos dirigiremos a los ic\u00f3nicos <strong>Jardines de Murillo<\/strong>, donde pedalear\u00e1s bajo la sombra de naranjos y palmeras, disfrutando de la serenidad de este lugar \u00fanico. Continuamos hacia el majestuoso <strong>Parque de Mar\u00eda Luisa<\/strong>, un pulm\u00f3n verde lleno de fuentes, glorietas y monumentos, incluyendo la impresionante <strong>Plaza de Espa\u00f1a<\/strong>, un lugar perfecto para una breve parada fotogr\u00e1fica.<\/p>\n<p>El recorrido sigue a lo largo del <strong>r\u00edo Guadalquivir<\/strong>, donde disfrutar\u00e1s de vistas panor\u00e1micas del agua y podr\u00e1s admirar lugares como la <strong>Torre del Oro<\/strong>. Cruzaremos el puente hacia <strong>Triana<\/strong>, un barrio vibrante conocido por su esencia flamenca, cer\u00e1mica tradicional y una atm\u00f3sfera llena de vida.<\/p>\n<p>A medida que avanzamos, pasaremos por otros puntos destacados de la ciudad, como la <strong>Catedral de Sevilla<\/strong>, la <strong>Giralda<\/strong>, y el espectacular <strong>Metropol Parasol<\/strong> (las Setas), todo mientras disfrutas de la comodidad de una bicicleta y el conocimiento experto de nuestros gu\u00edas.<\/p>\n<p>Finalmente, regresaremos a la <strong>Plaza de Santa Cruz<\/strong>, completando un recorrido circular que te permitir\u00e1 vivir Sevilla desde una perspectiva \u00fanica, activa y emocionante.<\/p>\n<p><strong>Duraci\u00f3n:<\/strong> Aproximadamente 3 horas<br \/>\n<strong>Nivel:<\/strong> F\u00e1cil \u2013 ideal para todas las edades y niveles de experiencia<br \/>\n\u00a1Reserva ahora y vive una experiencia inolvidable sobre ruedas! \ud83d\udeb4\u200d\u2642\ufe0f\u2728<\/p>\n<p>Tambi\u00e9n puedes hacer este tour de forma <a href=\"https:\/\/rentabikesevilla.com\/producto\/tour-privado-por-sevilla-en-bicicleta\">privada<\/a> o en bicicleta el\u00e9ctrica<\/p>\n<p>&nbsp;<\/p>\n<p>&nbsp;<\/p>\n<p>&nbsp;<\/p>\n<h2><strong>Salidas\u00a0 diarias Tour\u00a0<\/strong><\/h2>\n<p>Todos lo d\u00edas tenemos nuestras salidas en 2 horarios distintos<\/p>\n<div class=\"section\">\n<div class=\"column left\">\n<div class=\"subsection \">\n<p>Estamos en el centro de Sevilla.<\/p>\n<p><em>Plaza de Santa Cruz 4<\/em><\/p>\n<\/div>\n<div class=\"subsection \">\n<h3 class=\"subsection_header\"><strong>Horarios del Tour en bicicleta<\/strong><\/h3>\n<p>10:00h y 14:00<\/p>\n<h5 class=\"subsection_header\">Detalles de la vuelta<\/h5>\n<p>Se regresa al punto de partida original<\/p>\n<\/div>\n<\/div>\n<\/div>\n","protected":false},"excerpt":{"rendered":"<p>Reserve esta excursi\u00f3n en bicicleta de 2 horas y media y descubrir\u00e1 la incre\u00edble ciudad de Sevilla. Los gu\u00edas hablan diferentes idiomas y le ayudar\u00e1n a obtener m\u00e1s orientaci\u00f3n en la ciudad mientras pasa por los monumentos de Sevilla.<\/p>\n<h3><strong>Punto de partida<\/strong><\/h3>\n<div class=\"section\">\n<div class=\"column left\">\n<div class=\"subsection \">\n<p>Ubicaci\u00f3n en el centro de Sevilla.\u00a0<em>Plaza de Santa Cruz<\/em><\/p>\n<\/div>\n<div class=\"subsection \">\n<h5 class=\"subsection_header\"><strong>Hora de salida<\/strong><\/h5>\n<p>10:00 h y 14:00 horas<\/p>\n<h5 class=\"subsection_header\">Detalles de la vuelta<\/h5>\n<p>Se regresa al punto de partida original<\/p>\n<\/div>\n<\/div>\n<\/div>\n","protected":false},"featured_media":6014,"template":"","meta":{"_joinchat":[]},"product_cat":[137],"product_tag":[142,143,144,145,146],"yoast_head":"<!-- This site is optimized with the Yoast SEO plugin v20.9 - https:\/\/yoast.com\/wordpress\/plugins\/seo\/ -->\n<title>Tour por Sevilla en bicicleta - Rent a Bike Sevilla<\/title>\n<meta name=\"robots\" content=\"index, follow, max-snippet:-1, max-image-preview:large, max-video-preview:-1\" \/>\n<link rel=\"canonical\" href=\"https:\/\/rentabikesevilla.com\/nl\/servicios\/tour-en-bicicleta-en-sevilla\/\" \/>\n<meta property=\"og:locale\" content=\"nl_NL\" \/>\n<meta property=\"og:type\" content=\"article\" \/>\n<meta property=\"og:title\" content=\"Tour por Sevilla en bicicleta - Rent a Bike Sevilla\" \/>\n<meta property=\"og:url\" content=\"https:\/\/rentabikesevilla.com\/nl\/servicios\/tour-en-bicicleta-en-sevilla\/\" \/>\n<meta property=\"og:site_name\" content=\"Rent a Bike Sevilla\" \/>\n<meta property=\"article:publisher\" content=\"https:\/\/www.facebook.com\/Rent-a-Bike-Sevilla-275551848809\" \/>\n<meta name=\"twitter:card\" content=\"summary_large_image\" \/>\n<meta name=\"twitter:site\" content=\"@Biciactiva\" \/>\n<script type=\"application\/ld+json\" class=\"yoast-schema-graph\">{\"@context\":\"https:\/\/schema.org\",\"@graph\":[{\"@type\":\"WebPage\",\"@id\":\"https:\/\/rentabikesevilla.com\/nl\/servicios\/tour-en-bicicleta-en-sevilla\/\",\"url\":\"https:\/\/rentabikesevilla.com\/nl\/servicios\/tour-en-bicicleta-en-sevilla\/\",\"name\":\"Tour por Sevilla en bicicleta - Rent a Bike Sevilla\",\"isPartOf\":{\"@id\":\"https:\/\/rentabikesevilla.com\/nl\/#website\"},\"datePublished\":\"2017-03-24T08:59:46+00:00\",\"dateModified\":\"2017-03-24T08:59:46+00:00\",\"breadcrumb\":{\"@id\":\"https:\/\/rentabikesevilla.com\/nl\/servicios\/tour-en-bicicleta-en-sevilla\/#breadcrumb\"},\"inLanguage\":\"nl-NL\",\"potentialAction\":[{\"@type\":\"ReadAction\",\"target\":[\"https:\/\/rentabikesevilla.com\/nl\/servicios\/tour-en-bicicleta-en-sevilla\/\"]}]},{\"@type\":\"BreadcrumbList\",\"@id\":\"https:\/\/rentabikesevilla.com\/nl\/servicios\/tour-en-bicicleta-en-sevilla\/#breadcrumb\",\"itemListElement\":[{\"@type\":\"ListItem\",\"position\":1,\"name\":\"Portada\",\"item\":\"https:\/\/rentabikesevilla.com\/nl\/rent-a-bike-sevilla\/\"},{\"@type\":\"ListItem\",\"position\":2,\"name\":\"Tienda\",\"item\":\"https:\/\/rentabikesevilla.com\/tienda\/\"},{\"@type\":\"ListItem\",\"position\":3,\"name\":\"Tour por Sevilla en bicicleta\"}]},{\"@type\":\"WebSite\",\"@id\":\"https:\/\/rentabikesevilla.com\/nl\/#website\",\"url\":\"https:\/\/rentabikesevilla.com\/nl\/\",\"name\":\"Rent a Bike Sevilla\",\"description\":\"Rent and bike tour in Seville\",\"publisher\":{\"@id\":\"https:\/\/rentabikesevilla.com\/nl\/#organization\"},\"potentialAction\":[{\"@type\":\"SearchAction\",\"target\":{\"@type\":\"EntryPoint\",\"urlTemplate\":\"https:\/\/rentabikesevilla.com\/nl\/?s={search_term_string}\"},\"query-input\":\"required name=search_term_string\"}],\"inLanguage\":\"nl-NL\"},{\"@type\":\"Organization\",\"@id\":\"https:\/\/rentabikesevilla.com\/nl\/#organization\",\"name\":\"Rent a Bike Sevilla\",\"url\":\"https:\/\/rentabikesevilla.com\/nl\/\",\"logo\":{\"@type\":\"ImageObject\",\"inLanguage\":\"nl-NL\",\"@id\":\"https:\/\/rentabikesevilla.com\/nl\/#\/schema\/logo\/image\/\",\"url\":\"https:\/\/rentabikesevilla.com\/wp-content\/uploads\/2016\/08\/icon.png\",\"contentUrl\":\"https:\/\/rentabikesevilla.com\/wp-content\/uploads\/2016\/08\/icon.png\",\"width\":64,\"height\":61,\"caption\":\"Rent a Bike Sevilla\"},\"image\":{\"@id\":\"https:\/\/rentabikesevilla.com\/nl\/#\/schema\/logo\/image\/\"},\"sameAs\":[\"https:\/\/www.facebook.com\/Rent-a-Bike-Sevilla-275551848809\",\"https:\/\/twitter.com\/Biciactiva\",\"https:\/\/www.instagram.com\/rentabikesevilla\/\",\"https:\/\/www.tripadvisor.es\/Attraction_Review-g187443-d3937059-Reviews-Rent_a_Bike_Sevilla-Seville_Province_of_Seville_Andalucia.html\"]}]}<\/script>\n<!-- \/ Yoast SEO plugin. -->","yoast_head_json":{"title":"Tour por Sevilla en bicicleta - Rent a Bike Sevilla","robots":{"index":"index","follow":"follow","max-snippet":"max-snippet:-1","max-image-preview":"max-image-preview:large","max-video-preview":"max-video-preview:-1"},"canonical":"https:\/\/rentabikesevilla.com\/nl\/servicios\/tour-en-bicicleta-en-sevilla\/","og_locale":"nl_NL","og_type":"article","og_title":"Tour por Sevilla en bicicleta - Rent a Bike Sevilla","og_url":"https:\/\/rentabikesevilla.com\/nl\/servicios\/tour-en-bicicleta-en-sevilla\/","og_site_name":"Rent a Bike Sevilla","article_publisher":"https:\/\/www.facebook.com\/Rent-a-Bike-Sevilla-275551848809","twitter_card":"summary_large_image","twitter_site":"@Biciactiva","schema":{"@context":"https:\/\/schema.org","@graph":[{"@type":"WebPage","@id":"https:\/\/rentabikesevilla.com\/nl\/servicios\/tour-en-bicicleta-en-sevilla\/","url":"https:\/\/rentabikesevilla.com\/nl\/servicios\/tour-en-bicicleta-en-sevilla\/","name":"Tour por Sevilla en bicicleta - Rent a Bike Sevilla","isPartOf":{"@id":"https:\/\/rentabikesevilla.com\/nl\/#website"},"datePublished":"2017-03-24T08:59:46+00:00","dateModified":"2017-03-24T08:59:46+00:00","breadcrumb":{"@id":"https:\/\/rentabikesevilla.com\/nl\/servicios\/tour-en-bicicleta-en-sevilla\/#breadcrumb"},"inLanguage":"nl-NL","potentialAction":[{"@type":"ReadAction","target":["https:\/\/rentabikesevilla.com\/nl\/servicios\/tour-en-bicicleta-en-sevilla\/"]}]},{"@type":"BreadcrumbList","@id":"https:\/\/rentabikesevilla.com\/nl\/servicios\/tour-en-bicicleta-en-sevilla\/#breadcrumb","itemListElement":[{"@type":"ListItem","position":1,"name":"Portada","item":"https:\/\/rentabikesevilla.com\/nl\/rent-a-bike-sevilla\/"},{"@type":"ListItem","position":2,"name":"Tienda","item":"https:\/\/rentabikesevilla.com\/tienda\/"},{"@type":"ListItem","position":3,"name":"Tour por Sevilla en bicicleta"}]},{"@type":"WebSite","@id":"https:\/\/rentabikesevilla.com\/nl\/#website","url":"https:\/\/rentabikesevilla.com\/nl\/","name":"Rent a Bike Sevilla","description":"Rent and bike tour in Seville","publisher":{"@id":"https:\/\/rentabikesevilla.com\/nl\/#organization"},"potentialAction":[{"@type":"SearchAction","target":{"@type":"EntryPoint","urlTemplate":"https:\/\/rentabikesevilla.com\/nl\/?s={search_term_string}"},"query-input":"required name=search_term_string"}],"inLanguage":"nl-NL"},{"@type":"Organization","@id":"https:\/\/rentabikesevilla.com\/nl\/#organization","name":"Rent a Bike Sevilla","url":"https:\/\/rentabikesevilla.com\/nl\/","logo":{"@type":"ImageObject","inLanguage":"nl-NL","@id":"https:\/\/rentabikesevilla.com\/nl\/#\/schema\/logo\/image\/","url":"https:\/\/rentabikesevilla.com\/wp-content\/uploads\/2016\/08\/icon.png","contentUrl":"https:\/\/rentabikesevilla.com\/wp-content\/uploads\/2016\/08\/icon.png","width":64,"height":61,"caption":"Rent a Bike Sevilla"},"image":{"@id":"https:\/\/rentabikesevilla.com\/nl\/#\/schema\/logo\/image\/"},"sameAs":["https:\/\/www.facebook.com\/Rent-a-Bike-Sevilla-275551848809","https:\/\/twitter.com\/Biciactiva","https:\/\/www.instagram.com\/rentabikesevilla\/","https:\/\/www.tripadvisor.es\/Attraction_Review-g187443-d3937059-Reviews-Rent_a_Bike_Sevilla-Seville_Province_of_Seville_Andalucia.html"]}]}},"_links":{"self":[{"href":"https:\/\/rentabikesevilla.com\/nl\/wp-json\/wp\/v2\/product\/6224"}],"collection":[{"href":"https:\/\/rentabikesevilla.com\/nl\/wp-json\/wp\/v2\/product"}],"about":[{"href":"https:\/\/rentabikesevilla.com\/nl\/wp-json\/wp\/v2\/types\/product"}],"wp:featuredmedia":[{"embeddable":true,"href":"https:\/\/rentabikesevilla.com\/nl\/wp-json\/wp\/v2\/media\/6014"}],"wp:attachment":[{"href":"https:\/\/rentabikesevilla.com\/nl\/wp-json\/wp\/v2\/media?parent=6224"}],"wp:term":[{"taxonomy":"product_cat","embeddable":true,"href":"https:\/\/rentabikesevilla.com\/nl\/wp-json\/wp\/v2\/product_cat?post=6224"},{"taxonomy":"product_tag","embeddable":true,"href":"https:\/\/rentabikesevilla.com\/nl\/wp-json\/wp\/v2\/product_tag?post=6224"}],"curies":[{"name":"wp","href":"https:\/\/api.w.org\/{rel}","templated":true}]}}