{"id":6220,"date":"2020-11-16T16:55:54","date_gmt":"2020-11-16T15:55:54","guid":{"rendered":"https:\/\/rentabikesevilla.com\/servicios\/tour-en-bicicleta-a-italica\/"},"modified":"2020-11-16T16:55:54","modified_gmt":"2020-11-16T15:55:54","slug":"tour-en-bicicleta-a-italica","status":"publish","type":"product","link":"https:\/\/rentabikesevilla.com\/nl\/servicios\/tour-en-bicicleta-a-italica\/","title":{"rendered":"Tour en bicicleta a Italica"},"content":{"rendered":"<p>Con nuestro Tour en bicicleta a It\u00e1lica, podr\u00e1s disfrutar de un agradable paseo en bicicleta\u00a0 y salir de Sevilla para llegar al municipio vecino de Santiponce donde se encuentra la ciudad hist\u00f3rica de It\u00e1lica.<\/p>\n<h3 class=\"mb-none pb-none\"><span class=\"bold\">La ciudad de It\u00e1lica es visita obligada a poca distancia de Sevilla (7 km)\u00a0<\/span><\/h3>\n<p>Nuestro recorrido con una duraci\u00f3n de 4 horas te llevar\u00e1 a disfrutar del paisaje de la Vega del Guadalquivir.<\/p>\n<h2>Visita guiada Italica<\/h2>\n<p>Los or\u00edgenes del <strong>de It\u00e1lica<\/strong>\u00a0se remontan al a\u00f1o 206 a.C., cuando el general\u00a0<strong>Publio<\/strong>, durante la segunda <strong>Guerra P\u00fanica<\/strong>, derrot\u00f3 a los cartagineses en la\u00a0<strong>Batalla de Ilipa<\/strong>\u00a0y estableci\u00f3 un destacamento de legionarios en el Cerro de San Antonio, lugar donde ya exist\u00eda una poblaci\u00f3n turdetana desde el siglo IV a.C.<\/p>\n<p>Si bien al principio ambas comunidades convivieron en este espacio pr\u00f3ximo al Guadalquivir, pronto el elemento romano impuso sus modos sociales y pol\u00edticos. En la segunda mitad del siglo I a.C. la ciudad adquiere el estatuto municipal y, pasado el tiempo, durante el gobierno del emperador\u00a0<strong>Adriano<\/strong>\u00a0(117-138 d.C.), el de colonia, con lo que se equipara administrativamente a la metr\u00f3poli.<\/p>\n<p>Fue cuna de los emperadores\u00a0<strong>Trajano<\/strong>\u00a0y\u00a0<strong>Adriano<\/strong>, y punto de origen de buena parte de los senadores de la \u00e9poca.<\/p>\n<p>Actualmente, el\u00a0<strong>Conjunto Arqueol\u00f3gico de It\u00e1lica<\/strong>\u00a0muestra al visitante un espl\u00e9ndido anfiteatro romano y da la posibilidad de pasear por el trazado de lo que fueron sus calles, as\u00ed como de conocer las casas, edificios p\u00fablicos, objetos de arte y utensilios de la vida cotidiana utilizados por sus habitantes.<\/p>\n","protected":false},"excerpt":{"rendered":"<p>La ciudad romana de\u00a0<strong>It\u00e1lica<\/strong>, ubicada en el Bajo Guadalquivir, a medio camino entre Sevilla (Hispalis) y Alcal\u00e1 del R\u00edo (Ilipa), en la actual Santiponce, muy pr\u00f3xima a las rutas que conectaban con la zona de explotaci\u00f3n minera de la Sierra Norte de Sevilla y Huelva. Desempe\u00f1\u00f3 un importante papel estrat\u00e9gico, tanto en lo pol\u00edtico-militar, como en lo econ\u00f3mico, durante el Alto Imperio Romano. Prueba de ello es que lleg\u00f3 a ocupar una superficie aproximada de 52 hect\u00e1reas.<\/p>\n<p>Ven y disfruta de nuestro tour en bicicleta y pasar\u00e1s un d\u00eda inigualable<\/p>\n<h2>Salidas<\/h2>\n<p>En nuestras instalaciones en Plaza de Santa Cruz 4<\/p>\n<p>Tlf +34 955 118 228<\/p>\n<p>Precio por Persona 50\u20ac<\/p>\n<p>Salida todos los d\u00edas menos a las 10 am<\/p>\n<p>LUNES CERRADO<\/p>\n","protected":false},"featured_media":6098,"template":"","meta":{"_joinchat":[]},"product_cat":[137],"product_tag":[],"yoast_head":"<!-- This site is optimized with the Yoast SEO plugin v20.9 - https:\/\/yoast.com\/wordpress\/plugins\/seo\/ -->\n<title>Tour en bicicleta a Italica - Rent a Bike Sevilla<\/title>\n<meta name=\"robots\" content=\"index, follow, max-snippet:-1, max-image-preview:large, max-video-preview:-1\" \/>\n<link rel=\"canonical\" href=\"https:\/\/rentabikesevilla.com\/nl\/servicios\/tour-en-bicicleta-a-italica\/\" \/>\n<meta property=\"og:locale\" content=\"nl_NL\" \/>\n<meta property=\"og:type\" content=\"article\" \/>\n<meta property=\"og:title\" content=\"Tour en bicicleta a Italica - Rent a Bike Sevilla\" \/>\n<meta property=\"og:url\" content=\"https:\/\/rentabikesevilla.com\/nl\/servicios\/tour-en-bicicleta-a-italica\/\" \/>\n<meta property=\"og:site_name\" content=\"Rent a Bike Sevilla\" \/>\n<meta property=\"article:publisher\" content=\"https:\/\/www.facebook.com\/Rent-a-Bike-Sevilla-275551848809\" \/>\n<meta name=\"twitter:card\" content=\"summary_large_image\" \/>\n<meta name=\"twitter:site\" content=\"@Biciactiva\" \/>\n<script type=\"application\/ld+json\" class=\"yoast-schema-graph\">{\"@context\":\"https:\/\/schema.org\",\"@graph\":[{\"@type\":\"WebPage\",\"@id\":\"https:\/\/rentabikesevilla.com\/nl\/servicios\/tour-en-bicicleta-a-italica\/\",\"url\":\"https:\/\/rentabikesevilla.com\/nl\/servicios\/tour-en-bicicleta-a-italica\/\",\"name\":\"Tour en bicicleta a Italica - Rent a Bike Sevilla\",\"isPartOf\":{\"@id\":\"https:\/\/rentabikesevilla.com\/nl\/#website\"},\"datePublished\":\"2020-11-16T15:55:54+00:00\",\"dateModified\":\"2020-11-16T15:55:54+00:00\",\"breadcrumb\":{\"@id\":\"https:\/\/rentabikesevilla.com\/nl\/servicios\/tour-en-bicicleta-a-italica\/#breadcrumb\"},\"inLanguage\":\"nl-NL\",\"potentialAction\":[{\"@type\":\"ReadAction\",\"target\":[\"https:\/\/rentabikesevilla.com\/nl\/servicios\/tour-en-bicicleta-a-italica\/\"]}]},{\"@type\":\"BreadcrumbList\",\"@id\":\"https:\/\/rentabikesevilla.com\/nl\/servicios\/tour-en-bicicleta-a-italica\/#breadcrumb\",\"itemListElement\":[{\"@type\":\"ListItem\",\"position\":1,\"name\":\"Portada\",\"item\":\"https:\/\/rentabikesevilla.com\/nl\/rent-a-bike-sevilla\/\"},{\"@type\":\"ListItem\",\"position\":2,\"name\":\"Tienda\",\"item\":\"https:\/\/rentabikesevilla.com\/tienda\/\"},{\"@type\":\"ListItem\",\"position\":3,\"name\":\"Tour en bicicleta a Italica\"}]},{\"@type\":\"WebSite\",\"@id\":\"https:\/\/rentabikesevilla.com\/nl\/#website\",\"url\":\"https:\/\/rentabikesevilla.com\/nl\/\",\"name\":\"Rent a Bike Sevilla\",\"description\":\"Rent and bike tour in Seville\",\"publisher\":{\"@id\":\"https:\/\/rentabikesevilla.com\/nl\/#organization\"},\"potentialAction\":[{\"@type\":\"SearchAction\",\"target\":{\"@type\":\"EntryPoint\",\"urlTemplate\":\"https:\/\/rentabikesevilla.com\/nl\/?s={search_term_string}\"},\"query-input\":\"required name=search_term_string\"}],\"inLanguage\":\"nl-NL\"},{\"@type\":\"Organization\",\"@id\":\"https:\/\/rentabikesevilla.com\/nl\/#organization\",\"name\":\"Rent a Bike Sevilla\",\"url\":\"https:\/\/rentabikesevilla.com\/nl\/\",\"logo\":{\"@type\":\"ImageObject\",\"inLanguage\":\"nl-NL\",\"@id\":\"https:\/\/rentabikesevilla.com\/nl\/#\/schema\/logo\/image\/\",\"url\":\"https:\/\/rentabikesevilla.com\/wp-content\/uploads\/2016\/08\/icon.png\",\"contentUrl\":\"https:\/\/rentabikesevilla.com\/wp-content\/uploads\/2016\/08\/icon.png\",\"width\":64,\"height\":61,\"caption\":\"Rent a Bike Sevilla\"},\"image\":{\"@id\":\"https:\/\/rentabikesevilla.com\/nl\/#\/schema\/logo\/image\/\"},\"sameAs\":[\"https:\/\/www.facebook.com\/Rent-a-Bike-Sevilla-275551848809\",\"https:\/\/twitter.com\/Biciactiva\",\"https:\/\/www.instagram.com\/rentabikesevilla\/\",\"https:\/\/www.tripadvisor.es\/Attraction_Review-g187443-d3937059-Reviews-Rent_a_Bike_Sevilla-Seville_Province_of_Seville_Andalucia.html\"]}]}<\/script>\n<!-- \/ Yoast SEO plugin. -->","yoast_head_json":{"title":"Tour en bicicleta a Italica - Rent a Bike Sevilla","robots":{"index":"index","follow":"follow","max-snippet":"max-snippet:-1","max-image-preview":"max-image-preview:large","max-video-preview":"max-video-preview:-1"},"canonical":"https:\/\/rentabikesevilla.com\/nl\/servicios\/tour-en-bicicleta-a-italica\/","og_locale":"nl_NL","og_type":"article","og_title":"Tour en bicicleta a Italica - Rent a Bike Sevilla","og_url":"https:\/\/rentabikesevilla.com\/nl\/servicios\/tour-en-bicicleta-a-italica\/","og_site_name":"Rent a Bike Sevilla","article_publisher":"https:\/\/www.facebook.com\/Rent-a-Bike-Sevilla-275551848809","twitter_card":"summary_large_image","twitter_site":"@Biciactiva","schema":{"@context":"https:\/\/schema.org","@graph":[{"@type":"WebPage","@id":"https:\/\/rentabikesevilla.com\/nl\/servicios\/tour-en-bicicleta-a-italica\/","url":"https:\/\/rentabikesevilla.com\/nl\/servicios\/tour-en-bicicleta-a-italica\/","name":"Tour en bicicleta a Italica - Rent a Bike Sevilla","isPartOf":{"@id":"https:\/\/rentabikesevilla.com\/nl\/#website"},"datePublished":"2020-11-16T15:55:54+00:00","dateModified":"2020-11-16T15:55:54+00:00","breadcrumb":{"@id":"https:\/\/rentabikesevilla.com\/nl\/servicios\/tour-en-bicicleta-a-italica\/#breadcrumb"},"inLanguage":"nl-NL","potentialAction":[{"@type":"ReadAction","target":["https:\/\/rentabikesevilla.com\/nl\/servicios\/tour-en-bicicleta-a-italica\/"]}]},{"@type":"BreadcrumbList","@id":"https:\/\/rentabikesevilla.com\/nl\/servicios\/tour-en-bicicleta-a-italica\/#breadcrumb","itemListElement":[{"@type":"ListItem","position":1,"name":"Portada","item":"https:\/\/rentabikesevilla.com\/nl\/rent-a-bike-sevilla\/"},{"@type":"ListItem","position":2,"name":"Tienda","item":"https:\/\/rentabikesevilla.com\/tienda\/"},{"@type":"ListItem","position":3,"name":"Tour en bicicleta a Italica"}]},{"@type":"WebSite","@id":"https:\/\/rentabikesevilla.com\/nl\/#website","url":"https:\/\/rentabikesevilla.com\/nl\/","name":"Rent a Bike Sevilla","description":"Rent and bike tour in Seville","publisher":{"@id":"https:\/\/rentabikesevilla.com\/nl\/#organization"},"potentialAction":[{"@type":"SearchAction","target":{"@type":"EntryPoint","urlTemplate":"https:\/\/rentabikesevilla.com\/nl\/?s={search_term_string}"},"query-input":"required name=search_term_string"}],"inLanguage":"nl-NL"},{"@type":"Organization","@id":"https:\/\/rentabikesevilla.com\/nl\/#organization","name":"Rent a Bike Sevilla","url":"https:\/\/rentabikesevilla.com\/nl\/","logo":{"@type":"ImageObject","inLanguage":"nl-NL","@id":"https:\/\/rentabikesevilla.com\/nl\/#\/schema\/logo\/image\/","url":"https:\/\/rentabikesevilla.com\/wp-content\/uploads\/2016\/08\/icon.png","contentUrl":"https:\/\/rentabikesevilla.com\/wp-content\/uploads\/2016\/08\/icon.png","width":64,"height":61,"caption":"Rent a Bike Sevilla"},"image":{"@id":"https:\/\/rentabikesevilla.com\/nl\/#\/schema\/logo\/image\/"},"sameAs":["https:\/\/www.facebook.com\/Rent-a-Bike-Sevilla-275551848809","https:\/\/twitter.com\/Biciactiva","https:\/\/www.instagram.com\/rentabikesevilla\/","https:\/\/www.tripadvisor.es\/Attraction_Review-g187443-d3937059-Reviews-Rent_a_Bike_Sevilla-Seville_Province_of_Seville_Andalucia.html"]}]}},"_links":{"self":[{"href":"https:\/\/rentabikesevilla.com\/nl\/wp-json\/wp\/v2\/product\/6220"}],"collection":[{"href":"https:\/\/rentabikesevilla.com\/nl\/wp-json\/wp\/v2\/product"}],"about":[{"href":"https:\/\/rentabikesevilla.com\/nl\/wp-json\/wp\/v2\/types\/product"}],"wp:featuredmedia":[{"embeddable":true,"href":"https:\/\/rentabikesevilla.com\/nl\/wp-json\/wp\/v2\/media\/6098"}],"wp:attachment":[{"href":"https:\/\/rentabikesevilla.com\/nl\/wp-json\/wp\/v2\/media?parent=6220"}],"wp:term":[{"taxonomy":"product_cat","embeddable":true,"href":"https:\/\/rentabikesevilla.com\/nl\/wp-json\/wp\/v2\/product_cat?post=6220"},{"taxonomy":"product_tag","embeddable":true,"href":"https:\/\/rentabikesevilla.com\/nl\/wp-json\/wp\/v2\/product_tag?post=6220"}],"curies":[{"name":"wp","href":"https:\/\/api.w.org\/{rel}","templated":true}]}}