{"id":6242,"date":"2017-03-29T11:01:45","date_gmt":"2017-03-29T09:01:45","guid":{"rendered":"https:\/\/rentabikesevilla.com\/servicios\/tour-privado-por-sevilla-en-bicicleta\/"},"modified":"2026-01-15T11:57:12","modified_gmt":"2026-01-15T10:57:12","slug":"tour-privado-por-sevilla-en-bicicleta","status":"publish","type":"product","link":"https:\/\/rentabikesevilla.com\/fr\/servicios\/tour-privado-por-sevilla-en-bicicleta\/","title":{"rendered":"Tour privado por Sevilla en bicicleta"},"content":{"rendered":"<p style=\"text-align: center;\">Reserve esta excursi\u00f3n en bicicleta de 3 horas y descubrir\u00e1 la incre\u00edble ciudad de Sevilla. Los gu\u00edas hablan diferentes idiomas y le ayudar\u00e1n a obtener m\u00e1s orientaci\u00f3n en la ciudad mientras pasa por los monumentos de Sevilla.<br \/>\nEmpiece en el hist\u00f3rico barrio de Santa Cruz y dir\u00edjase a los Jardines de Murillo, a la antigua F\u00e1brica de Tabacos y a la Universidad de la ciudad.<\/p>\n<p style=\"text-align: center;\">Contin\u00fae hacia parque de Mar\u00eda Luisa, donde estuvieron los elementos centrales de la Exposici\u00f3n Iberoamericana de 1929. Desde all\u00ed, dir\u00edjase al r\u00edo y eche un vistazo a una parte del barrio de Triana y la Torre del Oro. A continuaci\u00f3n, dir\u00edjase hacia el norte, a la Cartuja, lugar de la Exposici\u00f3n de 1992, donde podr\u00e1 ver su monasterio antes de volver al centro de la ciudad y la zona de la Alameda.<\/p>\n<p style=\"text-align: center;\">Una vez all\u00ed podr\u00e1 explorar el lugar y serpentear por las calles y callejones; se detendr\u00e1 en el legendario Campana Caf\u00e9 para disfrutar de sus famosos champi\u00f1ones. Su excursi\u00f3n terminar\u00e1 con un breve pedaleo por Santa Cruz, pasando por la catedral y los Alc\u00e1zares.<br \/>\nSi decide reservar la versi\u00f3n privada, podr\u00e1 decidir el itinerario con el gu\u00eda.<\/p>\n<h3 style=\"text-align: center;\"><strong>Punto de partida<\/strong><\/h3>\n<div class=\"section\">\n<div class=\"column left\">\n<div class=\"subsection \" style=\"text-align: center;\">\n<p>Ubicaci\u00f3n en el centro de Sevilla. <em>Plaza de Santa Cruz<\/em><\/p>\n<\/div>\n<div class=\"subsection \" style=\"text-align: center;\">\n<h5 class=\"subsection_header\" style=\"text-align: center;\"><strong>Hora de salida<\/strong><\/h5>\n<p style=\"text-align: center;\">A su elecci\u00f3n<\/p>\n<h5 class=\"subsection_header\">Detalles de la vuelta<\/h5>\n<p style=\"text-align: center;\">Se regresa al punto de partida original<\/p>\n<\/div>\n<\/div>\n<\/div>\n","protected":false},"excerpt":{"rendered":"<p style=\"text-align: center;\">Reserve esta excursi\u00f3n en bicicleta de 3 horas y descubrir\u00e1 la incre\u00edble ciudad de Sevilla. Los gu\u00edas hablan diferentes idiomas y le ayudar\u00e1n a obtener m\u00e1s orientaci\u00f3n en la ciudad mientras pasa por los monumentos de Sevilla.<br \/>\nEmpiece en el hist\u00f3rico barrio de Santa Cruz y dir\u00edjase a los Jardines de Murillo, a la antigua F\u00e1brica de Tabacos y a la Universidad de la ciudad.<\/p>\n<p style=\"text-align: center;\">Contin\u00fae hacia parque de Mar\u00eda Luisa, donde estuvieron los elementos centrales de la Exposici\u00f3n Iberoamericana de 1929. Desde all\u00ed, dir\u00edjase al r\u00edo y eche un vistazo a una parte del barrio de Triana y la Torre del Oro. A continuaci\u00f3n, dir\u00edjase hacia el norte, a la Cartuja, lugar de la Exposici\u00f3n de 1992, donde podr\u00e1 ver su monasterio antes de volver al centro de la ciudad y la zona de la Alameda.<\/p>\n<p style=\"text-align: center;\">Una vez all\u00ed podr\u00e1 explorar el lugar y serpentear por las calles y callejones; se detendr\u00e1 en el legendario Campana Caf\u00e9 para disfrutar de sus famosos champi\u00f1ones. Su excursi\u00f3n terminar\u00e1 con un breve pedaleo por Santa Cruz, pasando por la catedral y los Alc\u00e1zares.<br \/>\nSi decide reservar la versi\u00f3n privada, podr\u00e1 decidir el itinerario con el gu\u00eda.<\/p>\n<h3 style=\"text-align: center;\"><strong>Punto de partida<\/strong><\/h3>\n<div class=\"section\">\n<div class=\"column left\">\n<div class=\"subsection \" style=\"text-align: center;\">\n<p>Ubicaci\u00f3n en el centro de Sevilla. <em>Plaza de Santa Cruz<\/em><\/p>\n<\/div>\n<div class=\"subsection \" style=\"text-align: center;\">\n<h5 class=\"subsection_header\" style=\"text-align: center;\"><strong>Hora de salida<\/strong><\/h5>\n<p style=\"text-align: center;\">10.00 h\u00a0 y a las 14:00<\/p>\n<h5 class=\"subsection_header\">Detalles de la vuelta<\/h5>\n<p style=\"text-align: center;\">Se regresa al punto de partida original<\/p>\n<\/div>\n<\/div>\n<\/div>\n<div class=\"column\"><\/div>\n","protected":false},"featured_media":6015,"template":"","meta":{"_joinchat":[]},"product_cat":[138],"product_tag":[],"yoast_head":"<!-- This site is optimized with the Yoast SEO plugin v20.9 - https:\/\/yoast.com\/wordpress\/plugins\/seo\/ -->\n<title>Tour privado por Sevilla en bicicleta - Rent a Bike Sevilla<\/title>\n<meta name=\"description\" content=\"El tour privado en bicicleta por Sevilla, es la mejor manera de conocer nuestra ciudad de forma relajada con la exclusividad de un guia\" \/>\n<meta name=\"robots\" content=\"index, follow, max-snippet:-1, max-image-preview:large, max-video-preview:-1\" \/>\n<link rel=\"canonical\" href=\"https:\/\/rentabikesevilla.com\/fr\/servicios\/tour-privado-por-sevilla-en-bicicleta\/\" \/>\n<meta property=\"og:locale\" content=\"fr_FR\" \/>\n<meta property=\"og:type\" content=\"article\" \/>\n<meta property=\"og:title\" content=\"Tour privado por Sevilla en bicicleta - Rent a Bike Sevilla\" \/>\n<meta property=\"og:description\" content=\"El tour privado en bicicleta por Sevilla, es la mejor manera de conocer nuestra ciudad de forma relajada con la exclusividad de un guia\" \/>\n<meta property=\"og:url\" content=\"https:\/\/rentabikesevilla.com\/fr\/servicios\/tour-privado-por-sevilla-en-bicicleta\/\" \/>\n<meta property=\"og:site_name\" content=\"Rent a Bike Sevilla\" \/>\n<meta property=\"article:publisher\" content=\"https:\/\/www.facebook.com\/Rent-a-Bike-Sevilla-275551848809\" \/>\n<meta property=\"article:modified_time\" content=\"2026-01-15T10:57:12+00:00\" \/>\n<meta property=\"og:image\" content=\"https:\/\/rentabikesevilla.com\/wp-content\/uploads\/2017\/03\/20160530-125623-largejpg-1.jpg\" \/>\n\t<meta property=\"og:image:width\" content=\"1328\" \/>\n\t<meta property=\"og:image:height\" content=\"747\" \/>\n\t<meta property=\"og:image:type\" content=\"image\/jpeg\" \/>\n<meta name=\"twitter:card\" content=\"summary_large_image\" \/>\n<meta name=\"twitter:site\" content=\"@Biciactiva\" \/>\n<script type=\"application\/ld+json\" class=\"yoast-schema-graph\">{\"@context\":\"https:\/\/schema.org\",\"@graph\":[{\"@type\":\"WebPage\",\"@id\":\"https:\/\/rentabikesevilla.com\/fr\/servicios\/tour-privado-por-sevilla-en-bicicleta\/\",\"url\":\"https:\/\/rentabikesevilla.com\/fr\/servicios\/tour-privado-por-sevilla-en-bicicleta\/\",\"name\":\"Tour privado por Sevilla en bicicleta - Rent a Bike Sevilla\",\"isPartOf\":{\"@id\":\"https:\/\/rentabikesevilla.com\/fr\/#website\"},\"datePublished\":\"2017-03-29T09:01:45+00:00\",\"dateModified\":\"2026-01-15T10:57:12+00:00\",\"description\":\"El tour privado en bicicleta por Sevilla, es la mejor manera de conocer nuestra ciudad de forma relajada con la exclusividad de un guia\",\"breadcrumb\":{\"@id\":\"https:\/\/rentabikesevilla.com\/fr\/servicios\/tour-privado-por-sevilla-en-bicicleta\/#breadcrumb\"},\"inLanguage\":\"fr-FR\",\"potentialAction\":[{\"@type\":\"ReadAction\",\"target\":[\"https:\/\/rentabikesevilla.com\/fr\/servicios\/tour-privado-por-sevilla-en-bicicleta\/\"]}]},{\"@type\":\"BreadcrumbList\",\"@id\":\"https:\/\/rentabikesevilla.com\/fr\/servicios\/tour-privado-por-sevilla-en-bicicleta\/#breadcrumb\",\"itemListElement\":[{\"@type\":\"ListItem\",\"position\":1,\"name\":\"Portada\",\"item\":\"https:\/\/rentabikesevilla.com\/fr\/rent-a-bike-sevilla\/\"},{\"@type\":\"ListItem\",\"position\":2,\"name\":\"Tienda\",\"item\":\"https:\/\/rentabikesevilla.com\/tienda\/\"},{\"@type\":\"ListItem\",\"position\":3,\"name\":\"Tour privado por Sevilla en bicicleta\"}]},{\"@type\":\"WebSite\",\"@id\":\"https:\/\/rentabikesevilla.com\/fr\/#website\",\"url\":\"https:\/\/rentabikesevilla.com\/fr\/\",\"name\":\"Rent a Bike Sevilla\",\"description\":\"Rent and bike tour in Seville\",\"publisher\":{\"@id\":\"https:\/\/rentabikesevilla.com\/fr\/#organization\"},\"potentialAction\":[{\"@type\":\"SearchAction\",\"target\":{\"@type\":\"EntryPoint\",\"urlTemplate\":\"https:\/\/rentabikesevilla.com\/fr\/?s={search_term_string}\"},\"query-input\":\"required name=search_term_string\"}],\"inLanguage\":\"fr-FR\"},{\"@type\":\"Organization\",\"@id\":\"https:\/\/rentabikesevilla.com\/fr\/#organization\",\"name\":\"Rent a Bike Sevilla\",\"url\":\"https:\/\/rentabikesevilla.com\/fr\/\",\"logo\":{\"@type\":\"ImageObject\",\"inLanguage\":\"fr-FR\",\"@id\":\"https:\/\/rentabikesevilla.com\/fr\/#\/schema\/logo\/image\/\",\"url\":\"https:\/\/rentabikesevilla.com\/wp-content\/uploads\/2016\/08\/icon.png\",\"contentUrl\":\"https:\/\/rentabikesevilla.com\/wp-content\/uploads\/2016\/08\/icon.png\",\"width\":64,\"height\":61,\"caption\":\"Rent a Bike Sevilla\"},\"image\":{\"@id\":\"https:\/\/rentabikesevilla.com\/fr\/#\/schema\/logo\/image\/\"},\"sameAs\":[\"https:\/\/www.facebook.com\/Rent-a-Bike-Sevilla-275551848809\",\"https:\/\/twitter.com\/Biciactiva\",\"https:\/\/www.instagram.com\/rentabikesevilla\/\",\"https:\/\/www.tripadvisor.es\/Attraction_Review-g187443-d3937059-Reviews-Rent_a_Bike_Sevilla-Seville_Province_of_Seville_Andalucia.html\"]}]}<\/script>\n<!-- \/ Yoast SEO plugin. -->","yoast_head_json":{"title":"Tour privado por Sevilla en bicicleta - Rent a Bike Sevilla","description":"El tour privado en bicicleta por Sevilla, es la mejor manera de conocer nuestra ciudad de forma relajada con la exclusividad de un guia","robots":{"index":"index","follow":"follow","max-snippet":"max-snippet:-1","max-image-preview":"max-image-preview:large","max-video-preview":"max-video-preview:-1"},"canonical":"https:\/\/rentabikesevilla.com\/fr\/servicios\/tour-privado-por-sevilla-en-bicicleta\/","og_locale":"fr_FR","og_type":"article","og_title":"Tour privado por Sevilla en bicicleta - Rent a Bike Sevilla","og_description":"El tour privado en bicicleta por Sevilla, es la mejor manera de conocer nuestra ciudad de forma relajada con la exclusividad de un guia","og_url":"https:\/\/rentabikesevilla.com\/fr\/servicios\/tour-privado-por-sevilla-en-bicicleta\/","og_site_name":"Rent a Bike Sevilla","article_publisher":"https:\/\/www.facebook.com\/Rent-a-Bike-Sevilla-275551848809","article_modified_time":"2026-01-15T10:57:12+00:00","og_image":[{"width":1328,"height":747,"url":"https:\/\/rentabikesevilla.com\/wp-content\/uploads\/2017\/03\/20160530-125623-largejpg-1.jpg","type":"image\/jpeg"}],"twitter_card":"summary_large_image","twitter_site":"@Biciactiva","schema":{"@context":"https:\/\/schema.org","@graph":[{"@type":"WebPage","@id":"https:\/\/rentabikesevilla.com\/fr\/servicios\/tour-privado-por-sevilla-en-bicicleta\/","url":"https:\/\/rentabikesevilla.com\/fr\/servicios\/tour-privado-por-sevilla-en-bicicleta\/","name":"Tour privado por Sevilla en bicicleta - Rent a Bike Sevilla","isPartOf":{"@id":"https:\/\/rentabikesevilla.com\/fr\/#website"},"datePublished":"2017-03-29T09:01:45+00:00","dateModified":"2026-01-15T10:57:12+00:00","description":"El tour privado en bicicleta por Sevilla, es la mejor manera de conocer nuestra ciudad de forma relajada con la exclusividad de un guia","breadcrumb":{"@id":"https:\/\/rentabikesevilla.com\/fr\/servicios\/tour-privado-por-sevilla-en-bicicleta\/#breadcrumb"},"inLanguage":"fr-FR","potentialAction":[{"@type":"ReadAction","target":["https:\/\/rentabikesevilla.com\/fr\/servicios\/tour-privado-por-sevilla-en-bicicleta\/"]}]},{"@type":"BreadcrumbList","@id":"https:\/\/rentabikesevilla.com\/fr\/servicios\/tour-privado-por-sevilla-en-bicicleta\/#breadcrumb","itemListElement":[{"@type":"ListItem","position":1,"name":"Portada","item":"https:\/\/rentabikesevilla.com\/fr\/rent-a-bike-sevilla\/"},{"@type":"ListItem","position":2,"name":"Tienda","item":"https:\/\/rentabikesevilla.com\/tienda\/"},{"@type":"ListItem","position":3,"name":"Tour privado por Sevilla en bicicleta"}]},{"@type":"WebSite","@id":"https:\/\/rentabikesevilla.com\/fr\/#website","url":"https:\/\/rentabikesevilla.com\/fr\/","name":"Rent a Bike Sevilla","description":"Rent and bike tour in Seville","publisher":{"@id":"https:\/\/rentabikesevilla.com\/fr\/#organization"},"potentialAction":[{"@type":"SearchAction","target":{"@type":"EntryPoint","urlTemplate":"https:\/\/rentabikesevilla.com\/fr\/?s={search_term_string}"},"query-input":"required name=search_term_string"}],"inLanguage":"fr-FR"},{"@type":"Organization","@id":"https:\/\/rentabikesevilla.com\/fr\/#organization","name":"Rent a Bike Sevilla","url":"https:\/\/rentabikesevilla.com\/fr\/","logo":{"@type":"ImageObject","inLanguage":"fr-FR","@id":"https:\/\/rentabikesevilla.com\/fr\/#\/schema\/logo\/image\/","url":"https:\/\/rentabikesevilla.com\/wp-content\/uploads\/2016\/08\/icon.png","contentUrl":"https:\/\/rentabikesevilla.com\/wp-content\/uploads\/2016\/08\/icon.png","width":64,"height":61,"caption":"Rent a Bike Sevilla"},"image":{"@id":"https:\/\/rentabikesevilla.com\/fr\/#\/schema\/logo\/image\/"},"sameAs":["https:\/\/www.facebook.com\/Rent-a-Bike-Sevilla-275551848809","https:\/\/twitter.com\/Biciactiva","https:\/\/www.instagram.com\/rentabikesevilla\/","https:\/\/www.tripadvisor.es\/Attraction_Review-g187443-d3937059-Reviews-Rent_a_Bike_Sevilla-Seville_Province_of_Seville_Andalucia.html"]}]}},"_links":{"self":[{"href":"https:\/\/rentabikesevilla.com\/fr\/wp-json\/wp\/v2\/product\/6242"}],"collection":[{"href":"https:\/\/rentabikesevilla.com\/fr\/wp-json\/wp\/v2\/product"}],"about":[{"href":"https:\/\/rentabikesevilla.com\/fr\/wp-json\/wp\/v2\/types\/product"}],"wp:featuredmedia":[{"embeddable":true,"href":"https:\/\/rentabikesevilla.com\/fr\/wp-json\/wp\/v2\/media\/6015"}],"wp:attachment":[{"href":"https:\/\/rentabikesevilla.com\/fr\/wp-json\/wp\/v2\/media?parent=6242"}],"wp:term":[{"taxonomy":"product_cat","embeddable":true,"href":"https:\/\/rentabikesevilla.com\/fr\/wp-json\/wp\/v2\/product_cat?post=6242"},{"taxonomy":"product_tag","embeddable":true,"href":"https:\/\/rentabikesevilla.com\/fr\/wp-json\/wp\/v2\/product_tag?post=6242"}],"curies":[{"name":"wp","href":"https:\/\/api.w.org\/{rel}","templated":true}]}}