{"id":6239,"date":"2017-03-29T11:00:48","date_gmt":"2017-03-29T09:00:48","guid":{"rendered":"https:\/\/rentabikesevilla.com\/servicios\/tour-privado-por-sevilla-en-bicicleta-electrica\/"},"modified":"2026-01-15T11:52:10","modified_gmt":"2026-01-15T10:52:10","slug":"tour-privado-por-sevilla-en-bicicleta-electrica","status":"publish","type":"product","link":"https:\/\/rentabikesevilla.com\/fr\/servicios\/tour-privado-por-sevilla-en-bicicleta-electrica\/","title":{"rendered":"Tour privado por Sevilla en bicicleta el\u00e9ctrica"},"content":{"rendered":"<p>Un disfrute nuestros tour en bicicleta de forma privada y en<a href=\"https:\/\/rentabikesevilla.com\/producto\/alquiler-de-bicicleta-electrica\"> bicicleta el\u00e9ctrica<\/a><\/p>\n<h2>Disfrute de un recorrido de 3 horas en una<a href=\"https:\/\/rentabikesevilla.com\/producto\/alquiler-de-bicicleta-electrica\"> bicicleta el\u00e9ctrica<\/a><\/h2>\n<p>Le llevaremos por todo el casco antiguo de la ciudad y los lugares m\u00e1s famosos, como la antigua F\u00e1brica de Tabaco, la Cartuja, donde se celebr\u00f3 la Exposici\u00f3n de 1992 y los puntos donde los lugare\u00f1os pasan su tiempo libre.<\/p>\n<p>Esta actividad sin complicaciones ser\u00e1 una gran experiencia para que pueda impregnarse de la historia y cultura de Sevilla, mientras pedalea por sus principales calles y plazas.<br \/>\nMejore la reserva de su excursi\u00f3n con un gu\u00eda privado y disfrute de una ruta en bicicleta hecha a medida.<\/p>\n<p>No dude en preguntar a su gu\u00eda todo lo que desee y obtenga toda la informaci\u00f3n que necesite para continuar explorando esta ciudad \u00fanica por su cuenta.<\/p>\n","protected":false},"excerpt":{"rendered":"<h3 style=\"text-align: center;\"><\/h3>\n<div class=\"section\">\n<p style=\"text-align: center;\">Disfrute de un recorrido de 3 horas en una bicicleta el\u00e9ctrica que le llevar\u00e1 por todo el casco antiguo de la ciudad y los lugares m\u00e1s famosos, como la antigua F\u00e1brica de Tabaco, la Cartuja, donde se celebr\u00f3 la Exposici\u00f3n de 1992 y los puntos donde los lugare\u00f1os pasan su tiempo libre.<\/p>\n<p style=\"text-align: center;\">Esta actividad sin complicaciones ser\u00e1 una gran experiencia para que pueda impregnarse de la historia y cultura de Sevilla, mientras pedalea por sus principales calles y plazas.<br \/>\nMejore la reserva de su excursi\u00f3n con un gu\u00eda privado y disfrute de una ruta en bicicleta hecha a medida.<\/p>\n<p style=\"text-align: center;\">No dude en preguntar a su gu\u00eda todo lo que desee y obtenga toda la informaci\u00f3n que necesite para continuar explorando esta ciudad \u00fanica por su cuenta.<\/p>\n<div class=\"column left\">\n<div class=\"subsection \" style=\"text-align: center;\">\n<h5 class=\"subsection_header\"><strong>Punto de partida<\/strong><\/h5>\n<p>Ubicaci\u00f3n en el centro de Sevilla. <em>Plaza de Santa Cruz<\/em><\/p>\n<\/div>\n<div class=\"subsection \" style=\"text-align: center;\">\n<h5 class=\"subsection_header\" style=\"text-align: center;\"><strong>Hora de salida<\/strong><\/h5>\n<p style=\"text-align: center;\">10:00 y 14:00h<\/p>\n<h5 class=\"subsection_header\">Detalles de vuelta<\/h5>\n<p style=\"text-align: center;\">Se regresa al punto de partida original<\/p>\n<\/div>\n<\/div>\n<\/div>\n<div class=\"column\"><\/div>\n","protected":false},"featured_media":6009,"template":"","meta":{"_joinchat":[]},"product_cat":[138],"product_tag":[],"yoast_head":"<!-- This site is optimized with the Yoast SEO plugin v20.9 - https:\/\/yoast.com\/wordpress\/plugins\/seo\/ -->\n<title>Tour privado por Sevilla en bicicleta el\u00e9ctrica - Rent a Bike Sevilla<\/title>\n<meta name=\"description\" content=\"Disfruta de un recorrido privado en bicicleta electrica por Sevilla, decide tu hora de salida, y as\u00ed podr\u00e1s gestionar mejor tu tiempo\" \/>\n<meta name=\"robots\" content=\"index, follow, max-snippet:-1, max-image-preview:large, max-video-preview:-1\" \/>\n<link rel=\"canonical\" href=\"https:\/\/rentabikesevilla.com\/fr\/servicios\/tour-privado-por-sevilla-en-bicicleta-electrica\/\" \/>\n<meta property=\"og:locale\" content=\"fr_FR\" \/>\n<meta property=\"og:type\" content=\"article\" \/>\n<meta property=\"og:title\" content=\"Tour privado por Sevilla en bicicleta el\u00e9ctrica - Rent a Bike Sevilla\" \/>\n<meta property=\"og:description\" content=\"Disfruta de un recorrido privado en bicicleta electrica por Sevilla, decide tu hora de salida, y as\u00ed podr\u00e1s gestionar mejor tu tiempo\" \/>\n<meta property=\"og:url\" content=\"https:\/\/rentabikesevilla.com\/fr\/servicios\/tour-privado-por-sevilla-en-bicicleta-electrica\/\" \/>\n<meta property=\"og:site_name\" content=\"Rent a Bike Sevilla\" \/>\n<meta property=\"article:publisher\" content=\"https:\/\/www.facebook.com\/Rent-a-Bike-Sevilla-275551848809\" \/>\n<meta property=\"article:modified_time\" content=\"2026-01-15T10:52:10+00:00\" \/>\n<meta property=\"og:image\" content=\"https:\/\/rentabikesevilla.com\/wp-content\/uploads\/2017\/03\/rent-a-bike-sevilla-6-2.jpg\" \/>\n\t<meta property=\"og:image:width\" content=\"1600\" \/>\n\t<meta property=\"og:image:height\" content=\"1200\" \/>\n\t<meta property=\"og:image:type\" content=\"image\/jpeg\" \/>\n<meta name=\"twitter:card\" content=\"summary_large_image\" \/>\n<meta name=\"twitter:site\" content=\"@Biciactiva\" \/>\n<script type=\"application\/ld+json\" class=\"yoast-schema-graph\">{\"@context\":\"https:\/\/schema.org\",\"@graph\":[{\"@type\":\"WebPage\",\"@id\":\"https:\/\/rentabikesevilla.com\/fr\/servicios\/tour-privado-por-sevilla-en-bicicleta-electrica\/\",\"url\":\"https:\/\/rentabikesevilla.com\/fr\/servicios\/tour-privado-por-sevilla-en-bicicleta-electrica\/\",\"name\":\"Tour privado por Sevilla en bicicleta el\u00e9ctrica - Rent a Bike Sevilla\",\"isPartOf\":{\"@id\":\"https:\/\/rentabikesevilla.com\/fr\/#website\"},\"datePublished\":\"2017-03-29T09:00:48+00:00\",\"dateModified\":\"2026-01-15T10:52:10+00:00\",\"description\":\"Disfruta de un recorrido privado en bicicleta electrica por Sevilla, decide tu hora de salida, y as\u00ed podr\u00e1s gestionar mejor tu tiempo\",\"breadcrumb\":{\"@id\":\"https:\/\/rentabikesevilla.com\/fr\/servicios\/tour-privado-por-sevilla-en-bicicleta-electrica\/#breadcrumb\"},\"inLanguage\":\"fr-FR\",\"potentialAction\":[{\"@type\":\"ReadAction\",\"target\":[\"https:\/\/rentabikesevilla.com\/fr\/servicios\/tour-privado-por-sevilla-en-bicicleta-electrica\/\"]}]},{\"@type\":\"BreadcrumbList\",\"@id\":\"https:\/\/rentabikesevilla.com\/fr\/servicios\/tour-privado-por-sevilla-en-bicicleta-electrica\/#breadcrumb\",\"itemListElement\":[{\"@type\":\"ListItem\",\"position\":1,\"name\":\"Portada\",\"item\":\"https:\/\/rentabikesevilla.com\/fr\/rent-a-bike-sevilla\/\"},{\"@type\":\"ListItem\",\"position\":2,\"name\":\"Tienda\",\"item\":\"https:\/\/rentabikesevilla.com\/tienda\/\"},{\"@type\":\"ListItem\",\"position\":3,\"name\":\"Tour privado por Sevilla en bicicleta el\u00e9ctrica\"}]},{\"@type\":\"WebSite\",\"@id\":\"https:\/\/rentabikesevilla.com\/fr\/#website\",\"url\":\"https:\/\/rentabikesevilla.com\/fr\/\",\"name\":\"Rent a Bike Sevilla\",\"description\":\"Rent and bike tour in Seville\",\"publisher\":{\"@id\":\"https:\/\/rentabikesevilla.com\/fr\/#organization\"},\"potentialAction\":[{\"@type\":\"SearchAction\",\"target\":{\"@type\":\"EntryPoint\",\"urlTemplate\":\"https:\/\/rentabikesevilla.com\/fr\/?s={search_term_string}\"},\"query-input\":\"required name=search_term_string\"}],\"inLanguage\":\"fr-FR\"},{\"@type\":\"Organization\",\"@id\":\"https:\/\/rentabikesevilla.com\/fr\/#organization\",\"name\":\"Rent a Bike Sevilla\",\"url\":\"https:\/\/rentabikesevilla.com\/fr\/\",\"logo\":{\"@type\":\"ImageObject\",\"inLanguage\":\"fr-FR\",\"@id\":\"https:\/\/rentabikesevilla.com\/fr\/#\/schema\/logo\/image\/\",\"url\":\"https:\/\/rentabikesevilla.com\/wp-content\/uploads\/2016\/08\/icon.png\",\"contentUrl\":\"https:\/\/rentabikesevilla.com\/wp-content\/uploads\/2016\/08\/icon.png\",\"width\":64,\"height\":61,\"caption\":\"Rent a Bike Sevilla\"},\"image\":{\"@id\":\"https:\/\/rentabikesevilla.com\/fr\/#\/schema\/logo\/image\/\"},\"sameAs\":[\"https:\/\/www.facebook.com\/Rent-a-Bike-Sevilla-275551848809\",\"https:\/\/twitter.com\/Biciactiva\",\"https:\/\/www.instagram.com\/rentabikesevilla\/\",\"https:\/\/www.tripadvisor.es\/Attraction_Review-g187443-d3937059-Reviews-Rent_a_Bike_Sevilla-Seville_Province_of_Seville_Andalucia.html\"]}]}<\/script>\n<!-- \/ Yoast SEO plugin. -->","yoast_head_json":{"title":"Tour privado por Sevilla en bicicleta el\u00e9ctrica - Rent a Bike Sevilla","description":"Disfruta de un recorrido privado en bicicleta electrica por Sevilla, decide tu hora de salida, y as\u00ed podr\u00e1s gestionar mejor tu tiempo","robots":{"index":"index","follow":"follow","max-snippet":"max-snippet:-1","max-image-preview":"max-image-preview:large","max-video-preview":"max-video-preview:-1"},"canonical":"https:\/\/rentabikesevilla.com\/fr\/servicios\/tour-privado-por-sevilla-en-bicicleta-electrica\/","og_locale":"fr_FR","og_type":"article","og_title":"Tour privado por Sevilla en bicicleta el\u00e9ctrica - Rent a Bike Sevilla","og_description":"Disfruta de un recorrido privado en bicicleta electrica por Sevilla, decide tu hora de salida, y as\u00ed podr\u00e1s gestionar mejor tu tiempo","og_url":"https:\/\/rentabikesevilla.com\/fr\/servicios\/tour-privado-por-sevilla-en-bicicleta-electrica\/","og_site_name":"Rent a Bike Sevilla","article_publisher":"https:\/\/www.facebook.com\/Rent-a-Bike-Sevilla-275551848809","article_modified_time":"2026-01-15T10:52:10+00:00","og_image":[{"width":1600,"height":1200,"url":"https:\/\/rentabikesevilla.com\/wp-content\/uploads\/2017\/03\/rent-a-bike-sevilla-6-2.jpg","type":"image\/jpeg"}],"twitter_card":"summary_large_image","twitter_site":"@Biciactiva","schema":{"@context":"https:\/\/schema.org","@graph":[{"@type":"WebPage","@id":"https:\/\/rentabikesevilla.com\/fr\/servicios\/tour-privado-por-sevilla-en-bicicleta-electrica\/","url":"https:\/\/rentabikesevilla.com\/fr\/servicios\/tour-privado-por-sevilla-en-bicicleta-electrica\/","name":"Tour privado por Sevilla en bicicleta el\u00e9ctrica - Rent a Bike Sevilla","isPartOf":{"@id":"https:\/\/rentabikesevilla.com\/fr\/#website"},"datePublished":"2017-03-29T09:00:48+00:00","dateModified":"2026-01-15T10:52:10+00:00","description":"Disfruta de un recorrido privado en bicicleta electrica por Sevilla, decide tu hora de salida, y as\u00ed podr\u00e1s gestionar mejor tu tiempo","breadcrumb":{"@id":"https:\/\/rentabikesevilla.com\/fr\/servicios\/tour-privado-por-sevilla-en-bicicleta-electrica\/#breadcrumb"},"inLanguage":"fr-FR","potentialAction":[{"@type":"ReadAction","target":["https:\/\/rentabikesevilla.com\/fr\/servicios\/tour-privado-por-sevilla-en-bicicleta-electrica\/"]}]},{"@type":"BreadcrumbList","@id":"https:\/\/rentabikesevilla.com\/fr\/servicios\/tour-privado-por-sevilla-en-bicicleta-electrica\/#breadcrumb","itemListElement":[{"@type":"ListItem","position":1,"name":"Portada","item":"https:\/\/rentabikesevilla.com\/fr\/rent-a-bike-sevilla\/"},{"@type":"ListItem","position":2,"name":"Tienda","item":"https:\/\/rentabikesevilla.com\/tienda\/"},{"@type":"ListItem","position":3,"name":"Tour privado por Sevilla en bicicleta el\u00e9ctrica"}]},{"@type":"WebSite","@id":"https:\/\/rentabikesevilla.com\/fr\/#website","url":"https:\/\/rentabikesevilla.com\/fr\/","name":"Rent a Bike Sevilla","description":"Rent and bike tour in Seville","publisher":{"@id":"https:\/\/rentabikesevilla.com\/fr\/#organization"},"potentialAction":[{"@type":"SearchAction","target":{"@type":"EntryPoint","urlTemplate":"https:\/\/rentabikesevilla.com\/fr\/?s={search_term_string}"},"query-input":"required name=search_term_string"}],"inLanguage":"fr-FR"},{"@type":"Organization","@id":"https:\/\/rentabikesevilla.com\/fr\/#organization","name":"Rent a Bike Sevilla","url":"https:\/\/rentabikesevilla.com\/fr\/","logo":{"@type":"ImageObject","inLanguage":"fr-FR","@id":"https:\/\/rentabikesevilla.com\/fr\/#\/schema\/logo\/image\/","url":"https:\/\/rentabikesevilla.com\/wp-content\/uploads\/2016\/08\/icon.png","contentUrl":"https:\/\/rentabikesevilla.com\/wp-content\/uploads\/2016\/08\/icon.png","width":64,"height":61,"caption":"Rent a Bike Sevilla"},"image":{"@id":"https:\/\/rentabikesevilla.com\/fr\/#\/schema\/logo\/image\/"},"sameAs":["https:\/\/www.facebook.com\/Rent-a-Bike-Sevilla-275551848809","https:\/\/twitter.com\/Biciactiva","https:\/\/www.instagram.com\/rentabikesevilla\/","https:\/\/www.tripadvisor.es\/Attraction_Review-g187443-d3937059-Reviews-Rent_a_Bike_Sevilla-Seville_Province_of_Seville_Andalucia.html"]}]}},"_links":{"self":[{"href":"https:\/\/rentabikesevilla.com\/fr\/wp-json\/wp\/v2\/product\/6239"}],"collection":[{"href":"https:\/\/rentabikesevilla.com\/fr\/wp-json\/wp\/v2\/product"}],"about":[{"href":"https:\/\/rentabikesevilla.com\/fr\/wp-json\/wp\/v2\/types\/product"}],"wp:featuredmedia":[{"embeddable":true,"href":"https:\/\/rentabikesevilla.com\/fr\/wp-json\/wp\/v2\/media\/6009"}],"wp:attachment":[{"href":"https:\/\/rentabikesevilla.com\/fr\/wp-json\/wp\/v2\/media?parent=6239"}],"wp:term":[{"taxonomy":"product_cat","embeddable":true,"href":"https:\/\/rentabikesevilla.com\/fr\/wp-json\/wp\/v2\/product_cat?post=6239"},{"taxonomy":"product_tag","embeddable":true,"href":"https:\/\/rentabikesevilla.com\/fr\/wp-json\/wp\/v2\/product_tag?post=6239"}],"curies":[{"name":"wp","href":"https:\/\/api.w.org\/{rel}","templated":true}]}}