{"id":6235,"date":"2017-03-23T15:18:44","date_gmt":"2017-03-23T14:18:44","guid":{"rendered":"https:\/\/rentabikesevilla.com\/servicios\/alquiler-de-bicicleta-de-cicloturismo\/"},"modified":"2017-03-23T15:18:44","modified_gmt":"2017-03-23T14:18:44","slug":"alquiler-de-bicicleta-de-cicloturismo","status":"publish","type":"product","link":"https:\/\/rentabikesevilla.com\/fr\/servicios\/alquiler-de-bicicleta-de-cicloturismo\/","title":{"rendered":"Alquiler de Bicicleta de Cicloturismo"},"content":{"rendered":"<p>&nbsp;<\/p>\n<p><img decoding=\"async\" loading=\"lazy\" class=\"wp-image-5104 aligncenter\" src=\"https:\/\/rentabikesevilla.com\/wp-content\/uploads\/2017\/03\/winora-Logo-260x300.jpg\" alt=\"\" width=\"90\" height=\"103\" srcset=\"https:\/\/rentabikesevilla.com\/wp-content\/uploads\/2017\/03\/winora-Logo-260x300.jpg 260w, https:\/\/rentabikesevilla.com\/wp-content\/uploads\/2017\/03\/winora-Logo-886x1024.jpg 886w, https:\/\/rentabikesevilla.com\/wp-content\/uploads\/2017\/03\/winora-Logo-768x888.jpg 768w, https:\/\/rentabikesevilla.com\/wp-content\/uploads\/2017\/03\/winora-Logo-897x1037.jpg 897w, https:\/\/rentabikesevilla.com\/wp-content\/uploads\/2017\/03\/winora-Logo.jpg 1000w\" sizes=\"(max-width: 90px) 100vw, 90px\" \/><\/p>\n<p>Alquila una bicicleta de cicloturismo en Sevilla y disfruta de la libertad de recorrer destinos incre\u00edbles m\u00e1s all\u00e1 de la ciudad. Nuestro servicio de alquiler est\u00e1 pensado para los aventureros que desean explorar rutas naturales, caminos rurales y paisajes \u00fanicos en el entorno sevillano. Nuestras bicicletas est\u00e1n equipadas para largas distancias y ofrecen la m\u00e1xima comodidad y seguridad, ideales para quienes buscan una experiencia de cicloturismo aut\u00e9ntica, lejos del bullicio urbano.<\/p>\n<p>Desde Sevilla, puedes acceder f\u00e1cilmente a rutas populares de cicloturismo como la V\u00eda Verde de la Sierra, la Ruta del Agua o los caminos que conectan con parques naturales como el Parque de Do\u00f1ana. Cada bicicleta que ofrecemos est\u00e1 dise\u00f1ada para soportar largas traves\u00edas, con un sistema de suspensi\u00f3n c\u00f3modo, portaequipajes robustos y todo lo necesario para transportar tu equipo de forma segura en cualquier terreno. Perfectas tanto para rutas de un solo d\u00eda como para viajes de varios d\u00edas, nuestras bicicletas son una excelente opci\u00f3n para cicloturistas de todos los niveles.<\/p>\n<p>Nuestro proceso de alquiler es r\u00e1pido y flexible, adapt\u00e1ndose a tus planes de viaje. Puedes alquilar una bicicleta de cicloturismo en Sevilla por el tiempo que necesites, ya sea por un d\u00eda o una semana, y te aseguramos que recibir\u00e1s una bicicleta de alta calidad, lista para acompa\u00f1arte en todas tus rutas. Si est\u00e1s listo para embarcarte en una experiencia inolvidable y disfrutar de los paisajes \u00fanicos que rodean Sevilla, reserva hoy mismo y empieza tu aventura en bicicleta.<\/p>\n<p>Explora a tu propio ritmo y descubre los encantos de Andaluc\u00eda sobre dos ruedas. Con nuestro alquiler de bicicletas de cicloturismo, Sevilla se convierte en el punto de partida perfecto para una experiencia de viaje diferente y llena de descubrimientos. Alquila una bicicleta de cicloturismo en Sevilla con nosotros<\/p>\n","protected":false},"excerpt":{"rendered":"<p style=\"text-align: center;\"><img decoding=\"async\" loading=\"lazy\" class=\"alignnone wp-image-5104 \" src=\"https:\/\/rentabikesevilla.com\/wp-content\/uploads\/2017\/03\/winora-Logo-260x300.jpg\" alt=\"\" width=\"133\" height=\"153\" srcset=\"https:\/\/rentabikesevilla.com\/wp-content\/uploads\/2017\/03\/winora-Logo-260x300.jpg 260w, https:\/\/rentabikesevilla.com\/wp-content\/uploads\/2017\/03\/winora-Logo-886x1024.jpg 886w, https:\/\/rentabikesevilla.com\/wp-content\/uploads\/2017\/03\/winora-Logo-768x888.jpg 768w, https:\/\/rentabikesevilla.com\/wp-content\/uploads\/2017\/03\/winora-Logo-897x1037.jpg 897w, https:\/\/rentabikesevilla.com\/wp-content\/uploads\/2017\/03\/winora-Logo.jpg 1000w\" sizes=\"(max-width: 133px) 100vw, 133px\" \/><\/p>\n<h4 style=\"text-align: center;\">Una buena bicicleta para viajar<\/h4>\n<p style=\"text-align: center;\">Si quieres llevar contigo una gran cantidad de equipaje, esta robusta bicicleta sera\u0301 tu mejor compan\u0303era. Un aliado genial para el viajero de largas distancias.<\/p>\n<h4 style=\"text-align: center;\">Precios<\/h4>\n<p style=\"text-align: center;\">1 d\u00eda: 20\u20ac<br \/>\n2 d\u00edas: 35\u20ac<br \/>\n3 d\u00edas: 50\u20ac<br \/>\n4 d\u00edas: 60\u20ac<\/p>\n<h4 style=\"text-align: center;\">Caracter\u00edsticas t\u00e9cnicas<\/h4>\n<p style=\"text-align: center;\">WINORA DOMINGO 27<br \/>\nCuadro aluminio<br \/>\nCambio Shimano 27velocidades<br \/>\nLuz dinamo buje<br \/>\nTransport\u00edn trasero aluminio carga max 25kilos<br \/>\nSuspensi\u00f3n delantera<br \/>\nRueda 28\u201d<br \/>\nTallas: S, M, L, XL<\/p>\n<h4 style=\"text-align: center;\"><strong>*El alquiler de esta bicicleta est\u00e1 limitado al uso fuera de la ciudad<\/strong><\/h4>\n","protected":false},"featured_media":6117,"template":"","meta":{"_joinchat":[]},"product_cat":[134],"product_tag":[],"yoast_head":"<!-- This site is optimized with the Yoast SEO plugin v20.9 - https:\/\/yoast.com\/wordpress\/plugins\/seo\/ -->\n<title>Alquiler de Bicicleta de Cicloturismo - Rent a Bike Sevilla<\/title>\n<meta name=\"robots\" content=\"index, follow, max-snippet:-1, max-image-preview:large, max-video-preview:-1\" \/>\n<link rel=\"canonical\" href=\"https:\/\/rentabikesevilla.com\/fr\/servicios\/alquiler-de-bicicleta-de-cicloturismo\/\" \/>\n<meta property=\"og:locale\" content=\"fr_FR\" \/>\n<meta property=\"og:type\" content=\"article\" \/>\n<meta property=\"og:title\" content=\"Alquiler de Bicicleta de Cicloturismo - Rent a Bike Sevilla\" \/>\n<meta property=\"og:url\" content=\"https:\/\/rentabikesevilla.com\/fr\/servicios\/alquiler-de-bicicleta-de-cicloturismo\/\" \/>\n<meta property=\"og:site_name\" content=\"Rent a Bike Sevilla\" \/>\n<meta property=\"article:publisher\" content=\"https:\/\/www.facebook.com\/Rent-a-Bike-Sevilla-275551848809\" \/>\n<meta property=\"og:image\" content=\"https:\/\/rentabikesevilla.com\/wp-content\/uploads\/2017\/03\/winora-Logo-260x300.jpg\" \/>\n<meta name=\"twitter:card\" content=\"summary_large_image\" \/>\n<meta name=\"twitter:site\" content=\"@Biciactiva\" \/>\n<script type=\"application\/ld+json\" class=\"yoast-schema-graph\">{\"@context\":\"https:\/\/schema.org\",\"@graph\":[{\"@type\":\"WebPage\",\"@id\":\"https:\/\/rentabikesevilla.com\/fr\/servicios\/alquiler-de-bicicleta-de-cicloturismo\/\",\"url\":\"https:\/\/rentabikesevilla.com\/fr\/servicios\/alquiler-de-bicicleta-de-cicloturismo\/\",\"name\":\"Alquiler de Bicicleta de Cicloturismo - Rent a Bike Sevilla\",\"isPartOf\":{\"@id\":\"https:\/\/rentabikesevilla.com\/fr\/#website\"},\"datePublished\":\"2017-03-23T14:18:44+00:00\",\"dateModified\":\"2017-03-23T14:18:44+00:00\",\"breadcrumb\":{\"@id\":\"https:\/\/rentabikesevilla.com\/fr\/servicios\/alquiler-de-bicicleta-de-cicloturismo\/#breadcrumb\"},\"inLanguage\":\"fr-FR\",\"potentialAction\":[{\"@type\":\"ReadAction\",\"target\":[\"https:\/\/rentabikesevilla.com\/fr\/servicios\/alquiler-de-bicicleta-de-cicloturismo\/\"]}]},{\"@type\":\"BreadcrumbList\",\"@id\":\"https:\/\/rentabikesevilla.com\/fr\/servicios\/alquiler-de-bicicleta-de-cicloturismo\/#breadcrumb\",\"itemListElement\":[{\"@type\":\"ListItem\",\"position\":1,\"name\":\"Portada\",\"item\":\"https:\/\/rentabikesevilla.com\/fr\/rent-a-bike-sevilla\/\"},{\"@type\":\"ListItem\",\"position\":2,\"name\":\"Tienda\",\"item\":\"https:\/\/rentabikesevilla.com\/tienda\/\"},{\"@type\":\"ListItem\",\"position\":3,\"name\":\"Alquiler de Bicicleta de Cicloturismo\"}]},{\"@type\":\"WebSite\",\"@id\":\"https:\/\/rentabikesevilla.com\/fr\/#website\",\"url\":\"https:\/\/rentabikesevilla.com\/fr\/\",\"name\":\"Rent a Bike Sevilla\",\"description\":\"Rent and bike tour in Seville\",\"publisher\":{\"@id\":\"https:\/\/rentabikesevilla.com\/fr\/#organization\"},\"potentialAction\":[{\"@type\":\"SearchAction\",\"target\":{\"@type\":\"EntryPoint\",\"urlTemplate\":\"https:\/\/rentabikesevilla.com\/fr\/?s={search_term_string}\"},\"query-input\":\"required name=search_term_string\"}],\"inLanguage\":\"fr-FR\"},{\"@type\":\"Organization\",\"@id\":\"https:\/\/rentabikesevilla.com\/fr\/#organization\",\"name\":\"Rent a Bike Sevilla\",\"url\":\"https:\/\/rentabikesevilla.com\/fr\/\",\"logo\":{\"@type\":\"ImageObject\",\"inLanguage\":\"fr-FR\",\"@id\":\"https:\/\/rentabikesevilla.com\/fr\/#\/schema\/logo\/image\/\",\"url\":\"https:\/\/rentabikesevilla.com\/wp-content\/uploads\/2016\/08\/icon.png\",\"contentUrl\":\"https:\/\/rentabikesevilla.com\/wp-content\/uploads\/2016\/08\/icon.png\",\"width\":64,\"height\":61,\"caption\":\"Rent a Bike Sevilla\"},\"image\":{\"@id\":\"https:\/\/rentabikesevilla.com\/fr\/#\/schema\/logo\/image\/\"},\"sameAs\":[\"https:\/\/www.facebook.com\/Rent-a-Bike-Sevilla-275551848809\",\"https:\/\/twitter.com\/Biciactiva\",\"https:\/\/www.instagram.com\/rentabikesevilla\/\",\"https:\/\/www.tripadvisor.es\/Attraction_Review-g187443-d3937059-Reviews-Rent_a_Bike_Sevilla-Seville_Province_of_Seville_Andalucia.html\"]}]}<\/script>\n<!-- \/ Yoast SEO plugin. -->","yoast_head_json":{"title":"Alquiler de Bicicleta de Cicloturismo - Rent a Bike Sevilla","robots":{"index":"index","follow":"follow","max-snippet":"max-snippet:-1","max-image-preview":"max-image-preview:large","max-video-preview":"max-video-preview:-1"},"canonical":"https:\/\/rentabikesevilla.com\/fr\/servicios\/alquiler-de-bicicleta-de-cicloturismo\/","og_locale":"fr_FR","og_type":"article","og_title":"Alquiler de Bicicleta de Cicloturismo - Rent a Bike Sevilla","og_url":"https:\/\/rentabikesevilla.com\/fr\/servicios\/alquiler-de-bicicleta-de-cicloturismo\/","og_site_name":"Rent a Bike Sevilla","article_publisher":"https:\/\/www.facebook.com\/Rent-a-Bike-Sevilla-275551848809","og_image":[{"url":"https:\/\/rentabikesevilla.com\/wp-content\/uploads\/2017\/03\/winora-Logo-260x300.jpg"}],"twitter_card":"summary_large_image","twitter_site":"@Biciactiva","schema":{"@context":"https:\/\/schema.org","@graph":[{"@type":"WebPage","@id":"https:\/\/rentabikesevilla.com\/fr\/servicios\/alquiler-de-bicicleta-de-cicloturismo\/","url":"https:\/\/rentabikesevilla.com\/fr\/servicios\/alquiler-de-bicicleta-de-cicloturismo\/","name":"Alquiler de Bicicleta de Cicloturismo - Rent a Bike Sevilla","isPartOf":{"@id":"https:\/\/rentabikesevilla.com\/fr\/#website"},"datePublished":"2017-03-23T14:18:44+00:00","dateModified":"2017-03-23T14:18:44+00:00","breadcrumb":{"@id":"https:\/\/rentabikesevilla.com\/fr\/servicios\/alquiler-de-bicicleta-de-cicloturismo\/#breadcrumb"},"inLanguage":"fr-FR","potentialAction":[{"@type":"ReadAction","target":["https:\/\/rentabikesevilla.com\/fr\/servicios\/alquiler-de-bicicleta-de-cicloturismo\/"]}]},{"@type":"BreadcrumbList","@id":"https:\/\/rentabikesevilla.com\/fr\/servicios\/alquiler-de-bicicleta-de-cicloturismo\/#breadcrumb","itemListElement":[{"@type":"ListItem","position":1,"name":"Portada","item":"https:\/\/rentabikesevilla.com\/fr\/rent-a-bike-sevilla\/"},{"@type":"ListItem","position":2,"name":"Tienda","item":"https:\/\/rentabikesevilla.com\/tienda\/"},{"@type":"ListItem","position":3,"name":"Alquiler de Bicicleta de Cicloturismo"}]},{"@type":"WebSite","@id":"https:\/\/rentabikesevilla.com\/fr\/#website","url":"https:\/\/rentabikesevilla.com\/fr\/","name":"Rent a Bike Sevilla","description":"Rent and bike tour in Seville","publisher":{"@id":"https:\/\/rentabikesevilla.com\/fr\/#organization"},"potentialAction":[{"@type":"SearchAction","target":{"@type":"EntryPoint","urlTemplate":"https:\/\/rentabikesevilla.com\/fr\/?s={search_term_string}"},"query-input":"required name=search_term_string"}],"inLanguage":"fr-FR"},{"@type":"Organization","@id":"https:\/\/rentabikesevilla.com\/fr\/#organization","name":"Rent a Bike Sevilla","url":"https:\/\/rentabikesevilla.com\/fr\/","logo":{"@type":"ImageObject","inLanguage":"fr-FR","@id":"https:\/\/rentabikesevilla.com\/fr\/#\/schema\/logo\/image\/","url":"https:\/\/rentabikesevilla.com\/wp-content\/uploads\/2016\/08\/icon.png","contentUrl":"https:\/\/rentabikesevilla.com\/wp-content\/uploads\/2016\/08\/icon.png","width":64,"height":61,"caption":"Rent a Bike Sevilla"},"image":{"@id":"https:\/\/rentabikesevilla.com\/fr\/#\/schema\/logo\/image\/"},"sameAs":["https:\/\/www.facebook.com\/Rent-a-Bike-Sevilla-275551848809","https:\/\/twitter.com\/Biciactiva","https:\/\/www.instagram.com\/rentabikesevilla\/","https:\/\/www.tripadvisor.es\/Attraction_Review-g187443-d3937059-Reviews-Rent_a_Bike_Sevilla-Seville_Province_of_Seville_Andalucia.html"]}]}},"_links":{"self":[{"href":"https:\/\/rentabikesevilla.com\/fr\/wp-json\/wp\/v2\/product\/6235"}],"collection":[{"href":"https:\/\/rentabikesevilla.com\/fr\/wp-json\/wp\/v2\/product"}],"about":[{"href":"https:\/\/rentabikesevilla.com\/fr\/wp-json\/wp\/v2\/types\/product"}],"wp:featuredmedia":[{"embeddable":true,"href":"https:\/\/rentabikesevilla.com\/fr\/wp-json\/wp\/v2\/media\/6117"}],"wp:attachment":[{"href":"https:\/\/rentabikesevilla.com\/fr\/wp-json\/wp\/v2\/media?parent=6235"}],"wp:term":[{"taxonomy":"product_cat","embeddable":true,"href":"https:\/\/rentabikesevilla.com\/fr\/wp-json\/wp\/v2\/product_cat?post=6235"},{"taxonomy":"product_tag","embeddable":true,"href":"https:\/\/rentabikesevilla.com\/fr\/wp-json\/wp\/v2\/product_tag?post=6235"}],"curies":[{"name":"wp","href":"https:\/\/api.w.org\/{rel}","templated":true}]}}