{"id":6223,"date":"2017-05-09T09:59:20","date_gmt":"2017-05-09T07:59:20","guid":{"rendered":"https:\/\/rentabikesevilla.com\/servicios\/alquiler-de-bicicleta-electrica\/"},"modified":"2017-05-09T09:59:20","modified_gmt":"2017-05-09T07:59:20","slug":"alquiler-de-bicicleta-electrica","status":"publish","type":"product","link":"https:\/\/rentabikesevilla.com\/fr\/servicios\/alquiler-de-bicicleta-electrica\/","title":{"rendered":"Alquiler de Bicicleta Ele\u0301ctrica"},"content":{"rendered":"<p><img decoding=\"async\" loading=\"lazy\" class=\"aligncenter size-full wp-image-2955\" src=\"https:\/\/rentabikesevilla.com\/wp-content\/uploads\/2017\/03\/logokalkhoff.jpg\" alt=\"\" width=\"196\" height=\"85\" \/><\/p>\n<p>Si buscas una bicicleta para <a href=\"https:\/\/rentabikesevilla.com\/producto\/tour-por-sevilla-en-bicicleta-electrica\">conocer Sevilla<\/a>, alquila una bicicleta el\u00e9ctrica y disfruta de nuestra ciudad y sus alrededores sin apenas esfuerzos.<\/p>\n<h2><span class=\"s1\">\u00bfQuieres conocer Sevilla en bicicleta?<\/span><\/h2>\n<p><span class=\"s1\"> En Sevilla, la bicicleta puede ser tu mejor amiga. Olv\u00eddate del tr\u00e1fico y de encontrar aparcamiento, conoce todos sus rincones con un medio de transporte eficaz, seguro, familiar, saludable y respetuoso con el entorno. Elige una fecha, indica el n\u00famero de personas\u2026 \u00a1Y a rodar!<\/span><\/p>\n<p><span class=\"s1\">Su motor el\u00e9ctrico incorporado, con una autonom\u00eda de entre 50 y 90 km, la convierten en la versi\u00f3n m\u00e1s c\u00f3moda y m\u00e1s utilizada para los que quieren adem\u00e1s de conocer Sevilla en bicicleta, tambi\u00e9n sus alrededores e incluso para aquellos que buscan una bicicleta para viajar por Andalucia<\/span><\/p>\n<p>Tenemos todas las tallas y para todos<\/p>\n","protected":false},"excerpt":{"rendered":"<p class=\"p1\" style=\"text-align: center;\"><span class=\"s1\"><img decoding=\"async\" loading=\"lazy\" class=\"aligncenter size-full wp-image-2955\" src=\"https:\/\/rentabikesevilla.com\/wp-content\/uploads\/2017\/03\/logokalkhoff.jpg\" alt=\"\" width=\"196\" height=\"85\" \/>\u00bfEst\u00e1s preparado para descubrir toda una ciudad? En Sevilla, la bicicleta puede ser tu mejor amiga. Olv\u00eddate del tr\u00e1fico y de encontrar aparcamiento, conoce todos sus rincones con un medio de transporte eficaz, seguro, familiar, saludable y respetuoso con el entorno. Elige una fecha, indica el n\u00famero de personas\u2026 \u00a1Y a rodar!<\/span><\/p>\n<h4 style=\"text-align: center;\">Precios<\/h4>\n<p style=\"text-align: center;\">1 d\u00eda: 40\u20ac<br \/>\n2 d\u00edas: 70\u20ac<br \/>\n3 d\u00edas: 90\u20ac<\/p>\n<p style=\"text-align: center;\"><strong>Caracter\u00edsticas t\u00e9cnicas<\/strong><\/p>\n<p style=\"text-align: center;\">KALKHOFF AGATTU y ENDEAVOUR<br \/>\nMotor Impulse y Motor Bosch<\/p>\n<p style=\"text-align: center;\">Cambio Shimano Nexus 8v \u00b7 Altus 8V<br \/>\nLuz dinamo buje<br \/>\nCuadro Aluminio<br \/>\nSuspensi\u00f3n delantera<br \/>\nRueda 28\u201d<br \/>\nTallas S, M y L<\/p>\n","protected":false},"featured_media":6095,"template":"","meta":{"_joinchat":[]},"product_cat":[134],"product_tag":[],"yoast_head":"<!-- This site is optimized with the Yoast SEO plugin v20.9 - https:\/\/yoast.com\/wordpress\/plugins\/seo\/ -->\n<title>Alquiler de Bicicleta Ele\u0301ctrica - Rent a Bike Sevilla<\/title>\n<meta name=\"robots\" content=\"index, follow, max-snippet:-1, max-image-preview:large, max-video-preview:-1\" \/>\n<link rel=\"canonical\" href=\"https:\/\/rentabikesevilla.com\/fr\/servicios\/alquiler-de-bicicleta-electrica\/\" \/>\n<meta property=\"og:locale\" content=\"fr_FR\" \/>\n<meta property=\"og:type\" content=\"article\" \/>\n<meta property=\"og:title\" content=\"Alquiler de Bicicleta Ele\u0301ctrica - Rent a Bike Sevilla\" \/>\n<meta property=\"og:url\" content=\"https:\/\/rentabikesevilla.com\/fr\/servicios\/alquiler-de-bicicleta-electrica\/\" \/>\n<meta property=\"og:site_name\" content=\"Rent a Bike Sevilla\" \/>\n<meta property=\"article:publisher\" content=\"https:\/\/www.facebook.com\/Rent-a-Bike-Sevilla-275551848809\" \/>\n<meta property=\"og:image\" content=\"https:\/\/rentabikesevilla.com\/wp-content\/uploads\/2017\/03\/logokalkhoff.jpg\" \/>\n<meta name=\"twitter:card\" content=\"summary_large_image\" \/>\n<meta name=\"twitter:site\" content=\"@Biciactiva\" \/>\n<script type=\"application\/ld+json\" class=\"yoast-schema-graph\">{\"@context\":\"https:\/\/schema.org\",\"@graph\":[{\"@type\":\"WebPage\",\"@id\":\"https:\/\/rentabikesevilla.com\/fr\/servicios\/alquiler-de-bicicleta-electrica\/\",\"url\":\"https:\/\/rentabikesevilla.com\/fr\/servicios\/alquiler-de-bicicleta-electrica\/\",\"name\":\"Alquiler de Bicicleta Ele\u0301ctrica - Rent a Bike Sevilla\",\"isPartOf\":{\"@id\":\"https:\/\/rentabikesevilla.com\/fr\/#website\"},\"datePublished\":\"2017-05-09T07:59:20+00:00\",\"dateModified\":\"2017-05-09T07:59:20+00:00\",\"breadcrumb\":{\"@id\":\"https:\/\/rentabikesevilla.com\/fr\/servicios\/alquiler-de-bicicleta-electrica\/#breadcrumb\"},\"inLanguage\":\"fr-FR\",\"potentialAction\":[{\"@type\":\"ReadAction\",\"target\":[\"https:\/\/rentabikesevilla.com\/fr\/servicios\/alquiler-de-bicicleta-electrica\/\"]}]},{\"@type\":\"BreadcrumbList\",\"@id\":\"https:\/\/rentabikesevilla.com\/fr\/servicios\/alquiler-de-bicicleta-electrica\/#breadcrumb\",\"itemListElement\":[{\"@type\":\"ListItem\",\"position\":1,\"name\":\"Portada\",\"item\":\"https:\/\/rentabikesevilla.com\/fr\/rent-a-bike-sevilla\/\"},{\"@type\":\"ListItem\",\"position\":2,\"name\":\"Tienda\",\"item\":\"https:\/\/rentabikesevilla.com\/tienda\/\"},{\"@type\":\"ListItem\",\"position\":3,\"name\":\"Alquiler de Bicicleta Ele\u0301ctrica\"}]},{\"@type\":\"WebSite\",\"@id\":\"https:\/\/rentabikesevilla.com\/fr\/#website\",\"url\":\"https:\/\/rentabikesevilla.com\/fr\/\",\"name\":\"Rent a Bike Sevilla\",\"description\":\"Rent and bike tour in Seville\",\"publisher\":{\"@id\":\"https:\/\/rentabikesevilla.com\/fr\/#organization\"},\"potentialAction\":[{\"@type\":\"SearchAction\",\"target\":{\"@type\":\"EntryPoint\",\"urlTemplate\":\"https:\/\/rentabikesevilla.com\/fr\/?s={search_term_string}\"},\"query-input\":\"required name=search_term_string\"}],\"inLanguage\":\"fr-FR\"},{\"@type\":\"Organization\",\"@id\":\"https:\/\/rentabikesevilla.com\/fr\/#organization\",\"name\":\"Rent a Bike Sevilla\",\"url\":\"https:\/\/rentabikesevilla.com\/fr\/\",\"logo\":{\"@type\":\"ImageObject\",\"inLanguage\":\"fr-FR\",\"@id\":\"https:\/\/rentabikesevilla.com\/fr\/#\/schema\/logo\/image\/\",\"url\":\"https:\/\/rentabikesevilla.com\/wp-content\/uploads\/2016\/08\/icon.png\",\"contentUrl\":\"https:\/\/rentabikesevilla.com\/wp-content\/uploads\/2016\/08\/icon.png\",\"width\":64,\"height\":61,\"caption\":\"Rent a Bike Sevilla\"},\"image\":{\"@id\":\"https:\/\/rentabikesevilla.com\/fr\/#\/schema\/logo\/image\/\"},\"sameAs\":[\"https:\/\/www.facebook.com\/Rent-a-Bike-Sevilla-275551848809\",\"https:\/\/twitter.com\/Biciactiva\",\"https:\/\/www.instagram.com\/rentabikesevilla\/\",\"https:\/\/www.tripadvisor.es\/Attraction_Review-g187443-d3937059-Reviews-Rent_a_Bike_Sevilla-Seville_Province_of_Seville_Andalucia.html\"]}]}<\/script>\n<!-- \/ Yoast SEO plugin. -->","yoast_head_json":{"title":"Alquiler de Bicicleta Ele\u0301ctrica - Rent a Bike Sevilla","robots":{"index":"index","follow":"follow","max-snippet":"max-snippet:-1","max-image-preview":"max-image-preview:large","max-video-preview":"max-video-preview:-1"},"canonical":"https:\/\/rentabikesevilla.com\/fr\/servicios\/alquiler-de-bicicleta-electrica\/","og_locale":"fr_FR","og_type":"article","og_title":"Alquiler de Bicicleta Ele\u0301ctrica - Rent a Bike Sevilla","og_url":"https:\/\/rentabikesevilla.com\/fr\/servicios\/alquiler-de-bicicleta-electrica\/","og_site_name":"Rent a Bike Sevilla","article_publisher":"https:\/\/www.facebook.com\/Rent-a-Bike-Sevilla-275551848809","og_image":[{"url":"https:\/\/rentabikesevilla.com\/wp-content\/uploads\/2017\/03\/logokalkhoff.jpg"}],"twitter_card":"summary_large_image","twitter_site":"@Biciactiva","schema":{"@context":"https:\/\/schema.org","@graph":[{"@type":"WebPage","@id":"https:\/\/rentabikesevilla.com\/fr\/servicios\/alquiler-de-bicicleta-electrica\/","url":"https:\/\/rentabikesevilla.com\/fr\/servicios\/alquiler-de-bicicleta-electrica\/","name":"Alquiler de Bicicleta Ele\u0301ctrica - Rent a Bike Sevilla","isPartOf":{"@id":"https:\/\/rentabikesevilla.com\/fr\/#website"},"datePublished":"2017-05-09T07:59:20+00:00","dateModified":"2017-05-09T07:59:20+00:00","breadcrumb":{"@id":"https:\/\/rentabikesevilla.com\/fr\/servicios\/alquiler-de-bicicleta-electrica\/#breadcrumb"},"inLanguage":"fr-FR","potentialAction":[{"@type":"ReadAction","target":["https:\/\/rentabikesevilla.com\/fr\/servicios\/alquiler-de-bicicleta-electrica\/"]}]},{"@type":"BreadcrumbList","@id":"https:\/\/rentabikesevilla.com\/fr\/servicios\/alquiler-de-bicicleta-electrica\/#breadcrumb","itemListElement":[{"@type":"ListItem","position":1,"name":"Portada","item":"https:\/\/rentabikesevilla.com\/fr\/rent-a-bike-sevilla\/"},{"@type":"ListItem","position":2,"name":"Tienda","item":"https:\/\/rentabikesevilla.com\/tienda\/"},{"@type":"ListItem","position":3,"name":"Alquiler de Bicicleta Ele\u0301ctrica"}]},{"@type":"WebSite","@id":"https:\/\/rentabikesevilla.com\/fr\/#website","url":"https:\/\/rentabikesevilla.com\/fr\/","name":"Rent a Bike Sevilla","description":"Rent and bike tour in Seville","publisher":{"@id":"https:\/\/rentabikesevilla.com\/fr\/#organization"},"potentialAction":[{"@type":"SearchAction","target":{"@type":"EntryPoint","urlTemplate":"https:\/\/rentabikesevilla.com\/fr\/?s={search_term_string}"},"query-input":"required name=search_term_string"}],"inLanguage":"fr-FR"},{"@type":"Organization","@id":"https:\/\/rentabikesevilla.com\/fr\/#organization","name":"Rent a Bike Sevilla","url":"https:\/\/rentabikesevilla.com\/fr\/","logo":{"@type":"ImageObject","inLanguage":"fr-FR","@id":"https:\/\/rentabikesevilla.com\/fr\/#\/schema\/logo\/image\/","url":"https:\/\/rentabikesevilla.com\/wp-content\/uploads\/2016\/08\/icon.png","contentUrl":"https:\/\/rentabikesevilla.com\/wp-content\/uploads\/2016\/08\/icon.png","width":64,"height":61,"caption":"Rent a Bike Sevilla"},"image":{"@id":"https:\/\/rentabikesevilla.com\/fr\/#\/schema\/logo\/image\/"},"sameAs":["https:\/\/www.facebook.com\/Rent-a-Bike-Sevilla-275551848809","https:\/\/twitter.com\/Biciactiva","https:\/\/www.instagram.com\/rentabikesevilla\/","https:\/\/www.tripadvisor.es\/Attraction_Review-g187443-d3937059-Reviews-Rent_a_Bike_Sevilla-Seville_Province_of_Seville_Andalucia.html"]}]}},"_links":{"self":[{"href":"https:\/\/rentabikesevilla.com\/fr\/wp-json\/wp\/v2\/product\/6223"}],"collection":[{"href":"https:\/\/rentabikesevilla.com\/fr\/wp-json\/wp\/v2\/product"}],"about":[{"href":"https:\/\/rentabikesevilla.com\/fr\/wp-json\/wp\/v2\/types\/product"}],"wp:featuredmedia":[{"embeddable":true,"href":"https:\/\/rentabikesevilla.com\/fr\/wp-json\/wp\/v2\/media\/6095"}],"wp:attachment":[{"href":"https:\/\/rentabikesevilla.com\/fr\/wp-json\/wp\/v2\/media?parent=6223"}],"wp:term":[{"taxonomy":"product_cat","embeddable":true,"href":"https:\/\/rentabikesevilla.com\/fr\/wp-json\/wp\/v2\/product_cat?post=6223"},{"taxonomy":"product_tag","embeddable":true,"href":"https:\/\/rentabikesevilla.com\/fr\/wp-json\/wp\/v2\/product_tag?post=6223"}],"curies":[{"name":"wp","href":"https:\/\/api.w.org\/{rel}","templated":true}]}}