{"id":6217,"date":"2023-09-05T13:26:16","date_gmt":"2026-01-14T17:33:33","guid":{"rendered":"https:\/\/rentabikesevilla.com\/servicios\/location-de-velo-gravel\/"},"modified":"2026-01-14T18:33:33","modified_gmt":"2026-01-14T17:33:33","slug":"location-velo-gravel-seville","status":"publish","type":"product","link":"https:\/\/rentabikesevilla.com\/fr\/servicios\/location-velo-gravel-seville\/","title":{"rendered":"Location de V\u00e9lo Gravel"},"content":{"rendered":"<p><img decoding=\"async\" loading=\"lazy\" class=\"aligncenter\" src=\"https:\/\/logovectordl.com\/wp-content\/uploads\/2021\/09\/conway-bikes-logo-vector.png\" width=\"335\" height=\"186\"><br \/>\nIl n&rsquo;existe pas de v\u00e9los de sport aussi polyvalents que les v\u00e9los gravel, \u00e0 l&rsquo;image du CONWAY GRV 6.0. Gr\u00e2ce \u00e0 sa position mod\u00e9r\u00e9ment sportive, vous pouvez l&rsquo;utiliser aussi bien pour vos trajets quotidiens domicile-travail que pour vos itin\u00e9raires de bikepacking en \u00e9t\u00e9 ou comme v\u00e9lo d&rsquo;entra\u00eenement hivernal dans la boue et la neige. <\/p>\n<p>Avec son cadre en aluminium et sa fourche en carbone, le GRV 6.0 offre une base solide pour d\u00e9buter dans cette discipline. Entre autres parce qu&rsquo;il peut \u00eatre \u00e9quip\u00e9 pour \u00eatre totalement adapt\u00e9 \u00e0 un usage quotidien. Tous les points de fixation (\u0153illets) sont d\u00e9j\u00e0 pr\u00e9vus pour le montage de garde-boue et d&rsquo;un porte-bagages.  <\/p>\n<p>Sa polyvalence s&rsquo;exprime \u00e9galement \u00e0 travers ses pneus : gr\u00e2ce \u00e0 leur profil, les CONTINENTAL Terra Trail sont parfaits pour rouler hors des routes asphalt\u00e9es. Avec leur largeur de 40 mm, ils offrent en plus des propri\u00e9t\u00e9s d&rsquo;amorti tr\u00e8s agr\u00e9ables. Pour autant, ils roulent de mani\u00e8re fluide et silencieuse sur l&rsquo;asphalte.  <\/p>\n<p>Le groupe SHIMANO GRX400 du GRV 6.0, avec ses 2 x 10 vitesses et ses freins \u00e0 disque hydrauliques de 160 mm de diam\u00e8tre, est con\u00e7u pour offrir un large \u00e9ventail de possibilit\u00e9s : d&rsquo;un p\u00e9dalage rapide et sportif \u00e0 une conduite calme et prolong\u00e9e, il est adapt\u00e9 \u00e0 pratiquement tous les chemins et parcours sportifs<\/p>\n","protected":false},"excerpt":{"rendered":"<p style=\"text-align: center;\"><img decoding=\"async\" loading=\"lazy\" class=\"\" src=\"https:\/\/logovectordl.com\/wp-content\/uploads\/2021\/09\/conway-bikes-logo-vector.png\" width=\"335\" height=\"186\"><\/p>\n<p style=\"text-align: center;\">\u00cates-vous pr\u00eat \u00e0 d\u00e9couvrir toute une ville ? \u00c0 S\u00e9ville, le v\u00e9lo peut \u00eatre votre meilleur ami. Oubliez le trafic et la recherche de parking, d\u00e9couvrez chaque recoin gr\u00e2ce \u00e0 un moyen de transport efficace, s\u00fbr, familial, sain et respectueux de l&rsquo;environnement. Choisissez une date, indiquez le nombre de personnes&#8230; Et roulez !   <\/p>\n<h4 style=\"text-align: center;\">Tarifs<\/h4>\n<p style=\"text-align: center;\">1 jour: 40\u20ac<br \/>\n2 jours: 65\u20ac<br \/>\n3 jours: 83\u20ac<\/p>\n<h4 style=\"text-align: center;\">Caract\u00e9ristiques techniques<\/h4>\n<p style=\"text-align: center;\">CONWAY GRV<br \/>\nCadre en aluminium<\/p>\n<p style=\"text-align: center;\">Fourche en carbone<\/p>\n<p style=\"text-align: center;\">Freins \u00e0 disque Shimano<\/p>\n<p style=\"text-align: center;\">D\u00e9railleur Shimano GRX 10v<br \/>\nTailles S, M, L et XL<br \/>\n*la location est fournie sans p\u00e9dales automatiques.<br \/>\n**en option, vous ajouter des p\u00e9dales automatiques Shimano SPD-SL, SPD, Look Keo. Prix des p\u00e9dales: 5\u20ac par location (en magasin). <\/p>\n","protected":false},"featured_media":6107,"template":"","meta":{"_joinchat":[]},"product_cat":[134],"product_tag":[],"yoast_head":"<!-- This site is optimized with the Yoast SEO plugin v20.9 - https:\/\/yoast.com\/wordpress\/plugins\/seo\/ -->\n<title>Location de V\u00e9lo Gravel - Rent a Bike Sevilla<\/title>\n<meta name=\"robots\" content=\"index, follow, max-snippet:-1, max-image-preview:large, max-video-preview:-1\" \/>\n<link rel=\"canonical\" href=\"https:\/\/rentabikesevilla.com\/fr\/servicios\/location-velo-gravel-seville\/\" \/>\n<meta property=\"og:locale\" content=\"fr_FR\" \/>\n<meta property=\"og:type\" content=\"article\" \/>\n<meta property=\"og:title\" content=\"Location de V\u00e9lo Gravel - Rent a Bike Sevilla\" \/>\n<meta property=\"og:url\" content=\"https:\/\/rentabikesevilla.com\/fr\/servicios\/location-velo-gravel-seville\/\" \/>\n<meta property=\"og:site_name\" content=\"Rent a Bike Sevilla\" \/>\n<meta property=\"article:publisher\" content=\"https:\/\/www.facebook.com\/Rent-a-Bike-Sevilla-275551848809\" \/>\n<meta property=\"og:image\" content=\"https:\/\/logovectordl.com\/wp-content\/uploads\/2021\/09\/conway-bikes-logo-vector.png\" \/>\n<meta name=\"twitter:card\" content=\"summary_large_image\" \/>\n<meta name=\"twitter:site\" content=\"@Biciactiva\" \/>\n<script type=\"application\/ld+json\" class=\"yoast-schema-graph\">{\"@context\":\"https:\/\/schema.org\",\"@graph\":[{\"@type\":\"WebPage\",\"@id\":\"https:\/\/rentabikesevilla.com\/fr\/servicios\/location-velo-gravel-seville\/\",\"url\":\"https:\/\/rentabikesevilla.com\/fr\/servicios\/location-velo-gravel-seville\/\",\"name\":\"Location de V\u00e9lo Gravel - Rent a Bike Sevilla\",\"isPartOf\":{\"@id\":\"https:\/\/rentabikesevilla.com\/fr\/#website\"},\"datePublished\":\"2026-01-14T17:33:33+00:00\",\"dateModified\":\"2026-01-14T17:33:33+00:00\",\"breadcrumb\":{\"@id\":\"https:\/\/rentabikesevilla.com\/fr\/servicios\/location-velo-gravel-seville\/#breadcrumb\"},\"inLanguage\":\"fr-FR\",\"potentialAction\":[{\"@type\":\"ReadAction\",\"target\":[\"https:\/\/rentabikesevilla.com\/fr\/servicios\/location-velo-gravel-seville\/\"]}]},{\"@type\":\"BreadcrumbList\",\"@id\":\"https:\/\/rentabikesevilla.com\/fr\/servicios\/location-velo-gravel-seville\/#breadcrumb\",\"itemListElement\":[{\"@type\":\"ListItem\",\"position\":1,\"name\":\"Portada\",\"item\":\"https:\/\/rentabikesevilla.com\/fr\/rent-a-bike-sevilla\/\"},{\"@type\":\"ListItem\",\"position\":2,\"name\":\"Tienda\",\"item\":\"https:\/\/rentabikesevilla.com\/tienda\/\"},{\"@type\":\"ListItem\",\"position\":3,\"name\":\"Location de V\u00e9lo Gravel\"}]},{\"@type\":\"WebSite\",\"@id\":\"https:\/\/rentabikesevilla.com\/fr\/#website\",\"url\":\"https:\/\/rentabikesevilla.com\/fr\/\",\"name\":\"Rent a Bike Sevilla\",\"description\":\"Rent and bike tour in Seville\",\"publisher\":{\"@id\":\"https:\/\/rentabikesevilla.com\/fr\/#organization\"},\"potentialAction\":[{\"@type\":\"SearchAction\",\"target\":{\"@type\":\"EntryPoint\",\"urlTemplate\":\"https:\/\/rentabikesevilla.com\/fr\/?s={search_term_string}\"},\"query-input\":\"required name=search_term_string\"}],\"inLanguage\":\"fr-FR\"},{\"@type\":\"Organization\",\"@id\":\"https:\/\/rentabikesevilla.com\/fr\/#organization\",\"name\":\"Rent a Bike Sevilla\",\"url\":\"https:\/\/rentabikesevilla.com\/fr\/\",\"logo\":{\"@type\":\"ImageObject\",\"inLanguage\":\"fr-FR\",\"@id\":\"https:\/\/rentabikesevilla.com\/fr\/#\/schema\/logo\/image\/\",\"url\":\"https:\/\/rentabikesevilla.com\/wp-content\/uploads\/2016\/08\/icon.png\",\"contentUrl\":\"https:\/\/rentabikesevilla.com\/wp-content\/uploads\/2016\/08\/icon.png\",\"width\":64,\"height\":61,\"caption\":\"Rent a Bike Sevilla\"},\"image\":{\"@id\":\"https:\/\/rentabikesevilla.com\/fr\/#\/schema\/logo\/image\/\"},\"sameAs\":[\"https:\/\/www.facebook.com\/Rent-a-Bike-Sevilla-275551848809\",\"https:\/\/twitter.com\/Biciactiva\",\"https:\/\/www.instagram.com\/rentabikesevilla\/\",\"https:\/\/www.tripadvisor.es\/Attraction_Review-g187443-d3937059-Reviews-Rent_a_Bike_Sevilla-Seville_Province_of_Seville_Andalucia.html\"]}]}<\/script>\n<!-- \/ Yoast SEO plugin. -->","yoast_head_json":{"title":"Location de V\u00e9lo Gravel - Rent a Bike Sevilla","robots":{"index":"index","follow":"follow","max-snippet":"max-snippet:-1","max-image-preview":"max-image-preview:large","max-video-preview":"max-video-preview:-1"},"canonical":"https:\/\/rentabikesevilla.com\/fr\/servicios\/location-velo-gravel-seville\/","og_locale":"fr_FR","og_type":"article","og_title":"Location de V\u00e9lo Gravel - Rent a Bike Sevilla","og_url":"https:\/\/rentabikesevilla.com\/fr\/servicios\/location-velo-gravel-seville\/","og_site_name":"Rent a Bike Sevilla","article_publisher":"https:\/\/www.facebook.com\/Rent-a-Bike-Sevilla-275551848809","og_image":[{"url":"https:\/\/logovectordl.com\/wp-content\/uploads\/2021\/09\/conway-bikes-logo-vector.png"}],"twitter_card":"summary_large_image","twitter_site":"@Biciactiva","schema":{"@context":"https:\/\/schema.org","@graph":[{"@type":"WebPage","@id":"https:\/\/rentabikesevilla.com\/fr\/servicios\/location-velo-gravel-seville\/","url":"https:\/\/rentabikesevilla.com\/fr\/servicios\/location-velo-gravel-seville\/","name":"Location de V\u00e9lo Gravel - Rent a Bike Sevilla","isPartOf":{"@id":"https:\/\/rentabikesevilla.com\/fr\/#website"},"datePublished":"2026-01-14T17:33:33+00:00","dateModified":"2026-01-14T17:33:33+00:00","breadcrumb":{"@id":"https:\/\/rentabikesevilla.com\/fr\/servicios\/location-velo-gravel-seville\/#breadcrumb"},"inLanguage":"fr-FR","potentialAction":[{"@type":"ReadAction","target":["https:\/\/rentabikesevilla.com\/fr\/servicios\/location-velo-gravel-seville\/"]}]},{"@type":"BreadcrumbList","@id":"https:\/\/rentabikesevilla.com\/fr\/servicios\/location-velo-gravel-seville\/#breadcrumb","itemListElement":[{"@type":"ListItem","position":1,"name":"Portada","item":"https:\/\/rentabikesevilla.com\/fr\/rent-a-bike-sevilla\/"},{"@type":"ListItem","position":2,"name":"Tienda","item":"https:\/\/rentabikesevilla.com\/tienda\/"},{"@type":"ListItem","position":3,"name":"Location de V\u00e9lo Gravel"}]},{"@type":"WebSite","@id":"https:\/\/rentabikesevilla.com\/fr\/#website","url":"https:\/\/rentabikesevilla.com\/fr\/","name":"Rent a Bike Sevilla","description":"Rent and bike tour in Seville","publisher":{"@id":"https:\/\/rentabikesevilla.com\/fr\/#organization"},"potentialAction":[{"@type":"SearchAction","target":{"@type":"EntryPoint","urlTemplate":"https:\/\/rentabikesevilla.com\/fr\/?s={search_term_string}"},"query-input":"required name=search_term_string"}],"inLanguage":"fr-FR"},{"@type":"Organization","@id":"https:\/\/rentabikesevilla.com\/fr\/#organization","name":"Rent a Bike Sevilla","url":"https:\/\/rentabikesevilla.com\/fr\/","logo":{"@type":"ImageObject","inLanguage":"fr-FR","@id":"https:\/\/rentabikesevilla.com\/fr\/#\/schema\/logo\/image\/","url":"https:\/\/rentabikesevilla.com\/wp-content\/uploads\/2016\/08\/icon.png","contentUrl":"https:\/\/rentabikesevilla.com\/wp-content\/uploads\/2016\/08\/icon.png","width":64,"height":61,"caption":"Rent a Bike Sevilla"},"image":{"@id":"https:\/\/rentabikesevilla.com\/fr\/#\/schema\/logo\/image\/"},"sameAs":["https:\/\/www.facebook.com\/Rent-a-Bike-Sevilla-275551848809","https:\/\/twitter.com\/Biciactiva","https:\/\/www.instagram.com\/rentabikesevilla\/","https:\/\/www.tripadvisor.es\/Attraction_Review-g187443-d3937059-Reviews-Rent_a_Bike_Sevilla-Seville_Province_of_Seville_Andalucia.html"]}]}},"_links":{"self":[{"href":"https:\/\/rentabikesevilla.com\/fr\/wp-json\/wp\/v2\/product\/6217"}],"collection":[{"href":"https:\/\/rentabikesevilla.com\/fr\/wp-json\/wp\/v2\/product"}],"about":[{"href":"https:\/\/rentabikesevilla.com\/fr\/wp-json\/wp\/v2\/types\/product"}],"wp:featuredmedia":[{"embeddable":true,"href":"https:\/\/rentabikesevilla.com\/fr\/wp-json\/wp\/v2\/media\/6107"}],"wp:attachment":[{"href":"https:\/\/rentabikesevilla.com\/fr\/wp-json\/wp\/v2\/media?parent=6217"}],"wp:term":[{"taxonomy":"product_cat","embeddable":true,"href":"https:\/\/rentabikesevilla.com\/fr\/wp-json\/wp\/v2\/product_cat?post=6217"},{"taxonomy":"product_tag","embeddable":true,"href":"https:\/\/rentabikesevilla.com\/fr\/wp-json\/wp\/v2\/product_tag?post=6217"}],"curies":[{"name":"wp","href":"https:\/\/api.w.org\/{rel}","templated":true}]}}