{"id":6122,"date":"2026-01-04T20:30:58","date_gmt":"2026-01-04T19:30:58","guid":{"rendered":"https:\/\/rentabikesevilla.com\/rent-a-bike-sevilla\/"},"modified":"2026-01-04T20:30:59","modified_gmt":"2026-01-04T19:30:59","slug":"rent-a-bike-sevilla","status":"publish","type":"page","link":"https:\/\/rentabikesevilla.com\/fr\/","title":{"rendered":"Rent a Bike Sevilla"},"content":{"rendered":"<p>[vc_row][vc_column]<div class=\"sober-banner-grid-6 \">[sober_banner text_position=\u00a0\u00bbcenter\u00a0\u00bb font_container=\u00a0\u00bbfont_size:60px|line_height:60px\u00a0\u00bb google_fonts=\u00a0\u00bbfont_family:Varela%20Round%3Aregular|font_style:400%20regular%3A400%3Anormal\u00a0\u00bb scheme=\u00a0\u00bblight\u00a0\u00bb css_animation=\u00a0\u00bbnone\u00a0\u00bb link=\u00a0\u00bburl:http%3A%2F%2Frentabikesevilla.com%2Fcategoria-servicios%2Falquiler-de-bicicleta%2F|||\u00a0\u00bb button_text=\u00a0\u00bbMa\u0301s de 160 km de carril bici\u00a0\u00bb image=\u00a0\u00bb3051&Prime;]Location de v\u00e9los[\/sober_banner]<div class=\"sober-banner3 text-align-left dark-scheme  \">\n\t\t\t\t<a href=\"http:\/\/rentabikesevilla.com\/categoria-servicios\/tours-por-sevilla-en-bicicleta\/\" target=\"\" rel=\"\" title=\"\">\n\t\t\t\t\t<img class=\"\" src=\"https:\/\/rentabikesevilla.com\/wp-content\/uploads\/2016\/09\/dos-640x460.jpg\" width=\"640\" height=\"460\" alt=\"dos\" title=\"dos\" \/>\n\t\t\t\t\t<span class=\"banner-content\">\n\t\t\t\t\t\t<span class=\"banner-text\">Visite de S\u00e9ville \u00e0 v\u00e9lo<\/span>\n\t\t\t\t\t\t<span class=\"sober-button button-light line-hover active\">Salida todos los d\u00edas a las 10:00h y a las 14:00h<\/span>\n\t\t\t\t\t<\/span>\n\t\t\t\t<\/a>\n\t\t\t<\/div><div class=\"sober-banner3 text-align-left dark-scheme  \">\n\t\t\t\t<a href=\"http:\/\/rentabikesevilla.com\/cicloturismo\/\" target=\"\" rel=\"\" title=\"\">\n\t\t\t\t\t<img class=\"\" src=\"https:\/\/rentabikesevilla.com\/wp-content\/uploads\/2016\/09\/tours-640x395.jpg\" width=\"640\" height=\"395\" alt=\"tours\" title=\"tours\" \/>\n\t\t\t\t\t<span class=\"banner-content\">\n\t\t\t\t\t\t<span class=\"banner-text\">Cyclotourisme<\/span>\n\t\t\t\t\t\t<span class=\"sober-button button-light line-hover active\">Una experiencia ecolo\u0301gica y divertida<\/span>\n\t\t\t\t\t<\/span>\n\t\t\t\t<\/a>\n\t\t\t<\/div><div class=\"sober-banner3 text-align-left dark-scheme  \">\n\t\t\t\t<a href=\"http:\/\/rentabikesevilla.com\/categoria-servicios\/tours-privados\/\" target=\"\" rel=\"\" title=\"\">\n\t\t\t\t\t<img class=\"\" src=\"https:\/\/rentabikesevilla.com\/wp-content\/uploads\/2016\/09\/tres-480x395.jpg\" width=\"480\" height=\"395\" alt=\"tres\" title=\"tres\" \/>\n\t\t\t\t\t<span class=\"banner-content\">\n\t\t\t\t\t\t<span class=\"banner-text\">Visites priv\u00e9es<\/span>\n\t\t\t\t\t\t<span class=\"sober-button button-light line-hover active\">Ver<\/span>\n\t\t\t\t\t<\/span>\n\t\t\t\t<\/a>\n\t\t\t<\/div><div class=\"sober-banner3 text-align-left dark-scheme  \">\n\t\t\t\t<a href=\"https:\/\/rentabikesevilla.com\/para-grupos\/\" target=\"\" rel=\"\" title=\"\">\n\t\t\t\t\t<img class=\"\" src=\"https:\/\/rentabikesevilla.com\/wp-content\/uploads\/2016\/09\/nosotros-426x398.jpg\" width=\"426\" height=\"398\" alt=\"nosotros\" title=\"nosotros\" \/>\n\t\t\t\t\t<span class=\"banner-content\">\n\t\t\t\t\t\t<span class=\"banner-text\">Pour les groupes<\/span>\n\t\t\t\t\t\t<span class=\"sober-button button-light line-hover active\">Ponte en contacto con nosotros<\/span>\n\t\t\t\t\t<\/span>\n\t\t\t\t<\/a>\n\t\t\t<\/div><div class=\"sober-banner3 text-align-left dark-scheme  \">\n\t\t\t\t<a href=\"http:\/\/rentabikesevilla.com\/oficina-y-contacto\/\" target=\"\" rel=\"\" title=\"\">\n\t\t\t\t\t<img class=\"\" src=\"https:\/\/rentabikesevilla.com\/wp-content\/uploads\/2016\/09\/oficina-426x398.jpg\" width=\"426\" height=\"398\" alt=\"oficina\" title=\"oficina\" \/>\n\t\t\t\t\t<span class=\"banner-content\">\n\t\t\t\t\t\t<span class=\"banner-text\">Bureau et contact<\/span>\n\t\t\t\t\t\t<span class=\"sober-button button-light line-hover active\">\u00a1Hola!<\/span>\n\t\t\t\t\t<\/span>\n\t\t\t\t<\/a>\n\t\t\t<\/div><\/div>[\/vc_column][\/vc_row][vc_row][vc_column][vc_empty_space height=\u00a0\u00bb120px\u00a0\u00bb][\/vc_column][\/vc_row][vc_row][vc_column][vc_custom_heading text=\u00a0\u00bb\u00a0\u00bb][\/vc_column][\/vc_row][vc_row][vc_column][vc_custom_heading text=\u00a0\u00bbSp\u00e9cialistes de la Location de V\u00e9los et des Visites \u00e0 V\u00e9lo de S\u00e9ville\u00a0\u00bb font_container=\u00a0\u00bbtag:h1|text_align:left\u00a0\u00bb][\/vc_column][\/vc_row]<\/p>\n","protected":false},"excerpt":{"rendered":"<p>[vc_row][vc_column][\/vc_column][\/vc_row][vc_row][vc_column][vc_empty_space height=\u00a0\u00bb120px\u00a0\u00bb][\/vc_column][\/vc_row][vc_row][vc_column][vc_custom_heading text=\u00a0\u00bb\u00a0\u00bb][\/vc_column][\/vc_row][vc_row][vc_column][vc_custom_heading text=\u00a0\u00bbSp\u00e9cialistes de la Location de V\u00e9los et des Visites \u00e0 V\u00e9lo de&hellip;<\/p>\n","protected":false},"author":1,"featured_media":0,"parent":0,"menu_order":0,"comment_status":"closed","ping_status":"closed","template":"templates\/homepage.php","meta":{"_joinchat":[]},"yoast_head":"<!-- This site is optimized with the Yoast SEO plugin v20.9 - https:\/\/yoast.com\/wordpress\/plugins\/seo\/ -->\n<title>Location de v\u00e9los \u00e0 S\u00e9ville | Visites \u00e0 v\u00e9lo | Rent a Bike Sevilla<\/title>\n<meta name=\"description\" content=\"Location de v\u00e9los \u00e9lectriques et de ville, visites guid\u00e9es quotidiennes et itin\u00e9raires personnalis\u00e9s Qualit\u00e9 et meilleur prix garantis! R\u00e9servez ici!\" \/>\n<meta name=\"robots\" content=\"index, follow, max-snippet:-1, max-image-preview:large, max-video-preview:-1\" \/>\n<link rel=\"canonical\" href=\"https:\/\/rentabikesevilla.com\/fr\/\" \/>\n<meta property=\"og:locale\" content=\"fr_FR\" \/>\n<meta property=\"og:type\" content=\"article\" \/>\n<meta property=\"og:title\" content=\"Location de v\u00e9los \u00e0 S\u00e9ville | Visites \u00e0 v\u00e9lo | Rent a Bike Sevilla\" \/>\n<meta property=\"og:description\" content=\"Location de v\u00e9los \u00e9lectriques et de ville, visites guid\u00e9es quotidiennes et itin\u00e9raires personnalis\u00e9s Qualit\u00e9 et meilleur prix garantis! R\u00e9servez ici!\" \/>\n<meta property=\"og:url\" content=\"https:\/\/rentabikesevilla.com\/fr\/\" \/>\n<meta property=\"og:site_name\" content=\"Rent a Bike Sevilla\" \/>\n<meta property=\"article:publisher\" content=\"https:\/\/www.facebook.com\/Rent-a-Bike-Sevilla-275551848809\" \/>\n<meta property=\"article:modified_time\" content=\"2026-01-04T19:30:59+00:00\" \/>\n<meta name=\"twitter:card\" content=\"summary_large_image\" \/>\n<meta name=\"twitter:site\" content=\"@Biciactiva\" \/>\n<script type=\"application\/ld+json\" class=\"yoast-schema-graph\">{\"@context\":\"https:\/\/schema.org\",\"@graph\":[{\"@type\":\"WebPage\",\"@id\":\"https:\/\/rentabikesevilla.com\/fr\/\",\"url\":\"https:\/\/rentabikesevilla.com\/fr\/\",\"name\":\"Location de v\u00e9los \u00e0 S\u00e9ville | Visites \u00e0 v\u00e9lo | Rent a Bike Sevilla\",\"isPartOf\":{\"@id\":\"https:\/\/rentabikesevilla.com\/fr\/#website\"},\"datePublished\":\"2026-01-04T19:30:58+00:00\",\"dateModified\":\"2026-01-04T19:30:59+00:00\",\"description\":\"Location de v\u00e9los \u00e9lectriques et de ville, visites guid\u00e9es quotidiennes et itin\u00e9raires personnalis\u00e9s Qualit\u00e9 et meilleur prix garantis! R\u00e9servez ici!\",\"breadcrumb\":{\"@id\":\"https:\/\/rentabikesevilla.com\/fr\/#breadcrumb\"},\"inLanguage\":\"fr-FR\",\"potentialAction\":[{\"@type\":\"ReadAction\",\"target\":[\"https:\/\/rentabikesevilla.com\/fr\/\"]}]},{\"@type\":\"BreadcrumbList\",\"@id\":\"https:\/\/rentabikesevilla.com\/fr\/#breadcrumb\",\"itemListElement\":[{\"@type\":\"ListItem\",\"position\":1,\"name\":\"Portada\",\"item\":\"https:\/\/rentabikesevilla.com\/fr\/rent-a-bike-sevilla\/\"},{\"@type\":\"ListItem\",\"position\":2,\"name\":\"Rent a Bike Sevilla\"}]},{\"@type\":\"WebSite\",\"@id\":\"https:\/\/rentabikesevilla.com\/fr\/#website\",\"url\":\"https:\/\/rentabikesevilla.com\/fr\/\",\"name\":\"Rent a Bike Sevilla\",\"description\":\"Rent and bike tour in Seville\",\"publisher\":{\"@id\":\"https:\/\/rentabikesevilla.com\/fr\/#organization\"},\"potentialAction\":[{\"@type\":\"SearchAction\",\"target\":{\"@type\":\"EntryPoint\",\"urlTemplate\":\"https:\/\/rentabikesevilla.com\/fr\/?s={search_term_string}\"},\"query-input\":\"required name=search_term_string\"}],\"inLanguage\":\"fr-FR\"},{\"@type\":\"Organization\",\"@id\":\"https:\/\/rentabikesevilla.com\/fr\/#organization\",\"name\":\"Rent a Bike Sevilla\",\"url\":\"https:\/\/rentabikesevilla.com\/fr\/\",\"logo\":{\"@type\":\"ImageObject\",\"inLanguage\":\"fr-FR\",\"@id\":\"https:\/\/rentabikesevilla.com\/fr\/#\/schema\/logo\/image\/\",\"url\":\"https:\/\/rentabikesevilla.com\/wp-content\/uploads\/2016\/08\/icon.png\",\"contentUrl\":\"https:\/\/rentabikesevilla.com\/wp-content\/uploads\/2016\/08\/icon.png\",\"width\":64,\"height\":61,\"caption\":\"Rent a Bike Sevilla\"},\"image\":{\"@id\":\"https:\/\/rentabikesevilla.com\/fr\/#\/schema\/logo\/image\/\"},\"sameAs\":[\"https:\/\/www.facebook.com\/Rent-a-Bike-Sevilla-275551848809\",\"https:\/\/twitter.com\/Biciactiva\",\"https:\/\/www.instagram.com\/rentabikesevilla\/\",\"https:\/\/www.tripadvisor.es\/Attraction_Review-g187443-d3937059-Reviews-Rent_a_Bike_Sevilla-Seville_Province_of_Seville_Andalucia.html\"]}]}<\/script>\n<!-- \/ Yoast SEO plugin. -->","yoast_head_json":{"title":"Location de v\u00e9los \u00e0 S\u00e9ville | Visites \u00e0 v\u00e9lo | Rent a Bike Sevilla","description":"Location de v\u00e9los \u00e9lectriques et de ville, visites guid\u00e9es quotidiennes et itin\u00e9raires personnalis\u00e9s Qualit\u00e9 et meilleur prix garantis! R\u00e9servez ici!","robots":{"index":"index","follow":"follow","max-snippet":"max-snippet:-1","max-image-preview":"max-image-preview:large","max-video-preview":"max-video-preview:-1"},"canonical":"https:\/\/rentabikesevilla.com\/fr\/","og_locale":"fr_FR","og_type":"article","og_title":"Location de v\u00e9los \u00e0 S\u00e9ville | Visites \u00e0 v\u00e9lo | Rent a Bike Sevilla","og_description":"Location de v\u00e9los \u00e9lectriques et de ville, visites guid\u00e9es quotidiennes et itin\u00e9raires personnalis\u00e9s Qualit\u00e9 et meilleur prix garantis! R\u00e9servez ici!","og_url":"https:\/\/rentabikesevilla.com\/fr\/","og_site_name":"Rent a Bike Sevilla","article_publisher":"https:\/\/www.facebook.com\/Rent-a-Bike-Sevilla-275551848809","article_modified_time":"2026-01-04T19:30:59+00:00","twitter_card":"summary_large_image","twitter_site":"@Biciactiva","schema":{"@context":"https:\/\/schema.org","@graph":[{"@type":"WebPage","@id":"https:\/\/rentabikesevilla.com\/fr\/","url":"https:\/\/rentabikesevilla.com\/fr\/","name":"Location de v\u00e9los \u00e0 S\u00e9ville | Visites \u00e0 v\u00e9lo | Rent a Bike Sevilla","isPartOf":{"@id":"https:\/\/rentabikesevilla.com\/fr\/#website"},"datePublished":"2026-01-04T19:30:58+00:00","dateModified":"2026-01-04T19:30:59+00:00","description":"Location de v\u00e9los \u00e9lectriques et de ville, visites guid\u00e9es quotidiennes et itin\u00e9raires personnalis\u00e9s Qualit\u00e9 et meilleur prix garantis! R\u00e9servez ici!","breadcrumb":{"@id":"https:\/\/rentabikesevilla.com\/fr\/#breadcrumb"},"inLanguage":"fr-FR","potentialAction":[{"@type":"ReadAction","target":["https:\/\/rentabikesevilla.com\/fr\/"]}]},{"@type":"BreadcrumbList","@id":"https:\/\/rentabikesevilla.com\/fr\/#breadcrumb","itemListElement":[{"@type":"ListItem","position":1,"name":"Portada","item":"https:\/\/rentabikesevilla.com\/fr\/rent-a-bike-sevilla\/"},{"@type":"ListItem","position":2,"name":"Rent a Bike Sevilla"}]},{"@type":"WebSite","@id":"https:\/\/rentabikesevilla.com\/fr\/#website","url":"https:\/\/rentabikesevilla.com\/fr\/","name":"Rent a Bike Sevilla","description":"Rent and bike tour in Seville","publisher":{"@id":"https:\/\/rentabikesevilla.com\/fr\/#organization"},"potentialAction":[{"@type":"SearchAction","target":{"@type":"EntryPoint","urlTemplate":"https:\/\/rentabikesevilla.com\/fr\/?s={search_term_string}"},"query-input":"required name=search_term_string"}],"inLanguage":"fr-FR"},{"@type":"Organization","@id":"https:\/\/rentabikesevilla.com\/fr\/#organization","name":"Rent a Bike Sevilla","url":"https:\/\/rentabikesevilla.com\/fr\/","logo":{"@type":"ImageObject","inLanguage":"fr-FR","@id":"https:\/\/rentabikesevilla.com\/fr\/#\/schema\/logo\/image\/","url":"https:\/\/rentabikesevilla.com\/wp-content\/uploads\/2016\/08\/icon.png","contentUrl":"https:\/\/rentabikesevilla.com\/wp-content\/uploads\/2016\/08\/icon.png","width":64,"height":61,"caption":"Rent a Bike Sevilla"},"image":{"@id":"https:\/\/rentabikesevilla.com\/fr\/#\/schema\/logo\/image\/"},"sameAs":["https:\/\/www.facebook.com\/Rent-a-Bike-Sevilla-275551848809","https:\/\/twitter.com\/Biciactiva","https:\/\/www.instagram.com\/rentabikesevilla\/","https:\/\/www.tripadvisor.es\/Attraction_Review-g187443-d3937059-Reviews-Rent_a_Bike_Sevilla-Seville_Province_of_Seville_Andalucia.html"]}]}},"_links":{"self":[{"href":"https:\/\/rentabikesevilla.com\/fr\/wp-json\/wp\/v2\/pages\/6122"}],"collection":[{"href":"https:\/\/rentabikesevilla.com\/fr\/wp-json\/wp\/v2\/pages"}],"about":[{"href":"https:\/\/rentabikesevilla.com\/fr\/wp-json\/wp\/v2\/types\/page"}],"author":[{"embeddable":true,"href":"https:\/\/rentabikesevilla.com\/fr\/wp-json\/wp\/v2\/users\/1"}],"replies":[{"embeddable":true,"href":"https:\/\/rentabikesevilla.com\/fr\/wp-json\/wp\/v2\/comments?post=6122"}],"version-history":[{"count":1,"href":"https:\/\/rentabikesevilla.com\/fr\/wp-json\/wp\/v2\/pages\/6122\/revisions"}],"predecessor-version":[{"id":6123,"href":"https:\/\/rentabikesevilla.com\/fr\/wp-json\/wp\/v2\/pages\/6122\/revisions\/6123"}],"wp:attachment":[{"href":"https:\/\/rentabikesevilla.com\/fr\/wp-json\/wp\/v2\/media?parent=6122"}],"curies":[{"name":"wp","href":"https:\/\/api.w.org\/{rel}","templated":true}]}}