{"id":4286,"date":"2023-06-22T23:09:04","date_gmt":"2023-06-22T21:09:04","guid":{"rendered":"https:\/\/rentabikesevilla.com\/cookies-policy\/"},"modified":"2023-06-22T23:09:05","modified_gmt":"2023-06-22T21:09:05","slug":"cookies-policy","status":"publish","type":"page","link":"https:\/\/rentabikesevilla.com\/en\/cookies-policy\/","title":{"rendered":"Cookies policy"},"content":{"rendered":"<p>[vc_row][vc_column][vc_column_text]<span style=\"font-weight: 400;\">In compliance with the provisions of Article 22.2 of Law 34\/2002, of 11 July, on Information Society Services and Electronic Commerce, the Owner informs you that this website uses cookies, as well as its policy on the collection and processing of cookies.<\/span><\/p>\n<p><span style=\"font-weight: 400;\"> <\/span><\/p>\n<p><b>What are cookies<\/b><\/p>\n<p><span style=\"font-weight: 400;\">A cookie is a file that is downloaded to your computer when you visit certain websites. Cookies allow a website, among other things, to store and retrieve information about your browsing habits and &#8211; depending on the information they contain and the way you use your computer &#8211; can be used to identify you.<\/span><\/p>\n<p><span style=\"font-weight: 400;\"> <\/span><\/p>\n<p><b>Types of cookies used<\/b><\/p>\n<p><span style=\"font-weight: 400;\">The website<\/span><a href=\"https:\/\/www.rentabikesevilla.com\"><span style=\"font-weight: 400;\">https:\/\/www.rentabikesevilla.com<\/span><\/a><span style=\"font-weight: 400;\"> uses the following types of cookies:<\/span><\/p>\n<ul>\n<li style=\"font-weight: 400;\" aria-level=\"1\"><b>Technical cookies:<\/b><span style=\"font-weight: 400;\"> These are those processed by the website that allow registered users to navigate through the restricted area and to use its different functions, such as, for example, to carry out the purchase process of a Product or Service.<\/span><span style=\"font-weight: 400;\"><br \/>\n<\/span><span style=\"font-weight: 400;\">Some cookies are essential for the operation of the website, for example, the commenting system or the search engine.<\/span><\/li>\n<li style=\"font-weight: 400;\" aria-level=\"1\"><b>Personalisation cookies:<\/b><span style=\"font-weight: 400;\"> These are those that allow users to access the Service with some general characteristics predefined according to a series of criteria established by the user, such as, for example, the language or the type of browser through which the user connects to this website.<\/span><\/li>\n<\/ul>\n<p><span style=\"font-weight: 400;\"> <\/span><\/p>\n<p><b>Disabling cookies<\/b><\/p>\n<p><span style=\"font-weight: 400;\">You can accept, block or delete cookies installed on your computer by configuring your browser options.<\/span><\/p>\n<p><span style=\"font-weight: 400;\">In the following links you will find instructions on how to enable or disable cookies in the most common browsers.<\/span><\/p>\n<ul>\n<li style=\"font-weight: 400;\" aria-level=\"1\"><b>Firefox<\/b><span style=\"font-weight: 400;\"> <\/span><a href=\"http:\/\/support.mozilla.org\/es\/kb\/habilitar-y-deshabilitar-cookies-que-los-sitios-we\"><span style=\"font-weight: 400;\">http:\/\/support.mozilla.org\/es\/kb\/habilitar-y-deshabilitar-cookies-que-los-sitios-web<\/span><\/a><\/li>\n<li style=\"font-weight: 400;\" aria-level=\"1\"><b>Safari<\/b><span style=\"font-weight: 400;\"> <\/span><a href=\"http:\/\/support.apple.com\/kb\/HT1677?viewlocale=es_ES\"><span style=\"font-weight: 400;\">http:\/\/support.apple.com\/kb\/HT1677?viewlocale=es_ES<\/span><\/a><\/li>\n<li style=\"font-weight: 400;\" aria-level=\"1\"><b>Google Chrome<\/b><span style=\"font-weight: 400;\"> <\/span><a href=\"https:\/\/support.google.com\/chrome\/answer\/95647?hl=es\"><span style=\"font-weight: 400;\">https:\/\/support.google.com\/chrome\/answer\/95647?hl=es<\/span><\/a><\/li>\n<\/ul>\n<p><span style=\"font-weight: 400;\"> <\/span><\/p>\n<p><b>Third party cookies<\/b><\/p>\n<p><span style=\"font-weight: 400;\"> <\/span><\/p>\n<p><b>Warning about deleting cookies<\/b><\/p>\n<p><span style=\"font-weight: 400;\">You can delete and block cookies from this website, but part of the site will not function properly or its quality may be affected.<\/span><\/p>\n<p><span style=\"font-weight: 400;\"> <\/span><\/p>\n<p><b>Contact<\/b><\/p>\n<p><span style=\"font-weight: 400;\">If you have any questions about this Cookie Policy or would like to make any comments about this website, you can send an email to the following address <\/span><a href=\"mailto:info@rentabikesevilla.com\"><span style=\"font-weight: 400;\">info@rentabikesevilla.com<\/span><\/a><span style=\"font-weight: 400;\"> <\/span><\/p>\n<p><span style=\"font-weight: 400;\"> <\/span><\/p>\n<p><b>Cookies policy<\/b><\/p>\n<p><span style=\"font-weight: 400;\">The website uses Google Analytics (&#8220;Google&#8221;), a web analytics service provided by Google, Inc., a company whose headquarters are located at 1600 Amphitheatre Parkway, Mountain View (California), CA 94043, USA.<\/span><\/p>\n<p><b>Google uses cookies, files located at Cookie Policy<\/b><\/p>\n<p><span style=\"font-weight: 400;\">The website<\/span><a href=\"http:\/\/www.rentabikesevilla.com\"><span style=\"font-weight: 400;\">www.rentabikesevilla.com<\/span><\/a><span style=\"font-weight: 400;\"> uses &#8220;Cookies&#8221;, small text files that are stored on the user&#8217;s computer, device, mobile phone or tablet and allow the user to be recognised in different areas. The set of cookies helps us to improve the quality of our website by enabling us to monitor which pages users find useful and which they do not.<\/span><\/p>\n<p><span style=\"font-weight: 400;\">Cookies are essential for optimal internet browsing, providing countless advantages in the provision of interactive services, facilitating the navigation and usability of our website. These cookies cannot harm your computer and when enabled they help us to identify and resolve errors that may occur during browsing.<\/span><\/p>\n<p><span style=\"font-weight: 400;\">The information provided below will help you understand the different types of cookies:<\/span><\/p>\n<ul>\n<li style=\"font-weight: 400;\" aria-level=\"1\"><span style=\"font-weight: 400;\">Session cookies: these are temporary cookies that remain in the cookie file of your browser until you leave the website, so none of them remain registered on the user&#8217;s hard drive. The information obtained through these cookies is used to analyse web traffic patterns. In the long term, this allows us to provide a better experience to optimise content and make it easier to use.<\/span><\/li>\n<li style=\"font-weight: 400;\" aria-level=\"1\"><span style=\"font-weight: 400;\">Persistent cookies: these are cookies stored on the hard drive and can be read by the website each time you make a new visit. A persistent cookie has a fixed expiry date. The cookie will stop working after that date. We generally use them to facilitate registration services.<\/span><\/li>\n<\/ul>\n<p><span style=\"font-weight: 400;\">Bici Activa SL cumple con lo dispuesto en la Ley de Servicios de la Sociedad de la Informaci\u00f3n, normativa que ha recogido la transposici\u00f3n correspondiente de la Directiva 2009\/136\/CE, tambi\u00e9n llamada \u201cLey de Cookies\u201d.<\/span><\/p>\n<p><span style=\"font-weight: 400;\"> <\/span><\/p>\n<p><b>What cookies we use on <\/b><a href=\"http:\/\/www.rentabikesevilla.com\"><b>www.rentabikesevilla.com<\/b><\/a><b> ?<\/b><\/p>\n<p><span style=\"font-weight: 400;\">Uses the Google Analytics cookie system (see their legal information page).<\/span><\/p>\n<p><span style=\"font-weight: 400;\">Google Analytics, a web analytics service provided by Google, Inc., a Delaware company headquartered at 1600 Amphitheatre Parkway, Mountain View (California), CA 94043, United States (&#8220;Google&#8221;).<\/span><\/p>\n<p><span style=\"font-weight: 400;\">Google Analytics uses &#8220;cookies&#8221;, which are text files placed on your computer, to help the website analyse how users use the site. The information generated by the cookie about your use of the website (including your IP address) will be transmitted to and stored by Google on its servers in the United States.<\/span><\/p>\n<p><span style=\"font-weight: 400;\">Google will use this information on our behalf for the purpose of evaluating your use of the website, compiling reports on website activity for website operators and providing other services relating to website activity and internet usage. Google may also transfer this information to third parties where required to do so by law, or where such third parties process the information on Google&#8217;s behalf. Google will not associate your IP address with any other data held by Google.<\/span><\/p>\n<p><span style=\"font-weight: 400;\">You may refuse the processing of data or information by rejecting the use of cookies by selecting the appropriate settings on your browser as explained below.<\/span><\/p>\n<p><span style=\"font-weight: 400;\">By using this website you consent to the processing of data about you by Google in the manner and for the purposes set out above.<\/span><\/p>\n<p><span style=\"font-weight: 400;\">The cookies that Analytics will send you are the following (general information provided by Google):<\/span><\/p>\n<ul>\n<li style=\"font-weight: 400;\" aria-level=\"1\"><span style=\"font-weight: 400;\">__utma: Used to distinguish users and sessions, the cookie is created when the javascript library executes and existing utma __ cookies do not exist. The cookie is updated each time data is sent to Google Analytics.<\/span><\/li>\n<li style=\"font-weight: 400;\" aria-level=\"1\"><span style=\"font-weight: 400;\">__utmb: Used to determine new sessions\/visits. The cookie is created when the javascript library executes and no existing UTMB __ cookies exist. La cookie se actualiza cada vez que se env\u00edan datos a Google Analytics.<\/span><\/li>\n<li style=\"font-weight: 400;\" aria-level=\"1\"><span style=\"font-weight: 400;\">__utmc: Not used in ga.js. Set for interoperability with urchin.js. Historically, this cookie operated in conjunction with the __utmb cookie to determine whether the user was in a new session\/visit.<\/span><\/li>\n<li style=\"font-weight: 400;\" aria-level=\"1\"><span style=\"font-weight: 400;\">__utmz: Stores the traffic source or a campaign that explains how the user reached your site. The cookie is created when the javascript library executes and is updated each time data is sent to Google Analytics.<\/span><\/li>\n<\/ul>\n<p><span style=\"font-weight: 400;\">Google uses cookies, files located on the user&#8217;s computer, by means of which it can carry out a statistical analysis of the user&#8217;s use of the website. The information generated by the cookie about your use of the website (including your IP address) will be directly managed and stored by Google on its servers in the United States. Google will use this information on behalf of the association for the sole purpose of providing statistics on the use of the website, being able to transmit this information to third parties in the legal assumptions specifically collected, or when these third parties process the information on behalf of Google. Google no asociar\u00e1 su direcci\u00f3n IP con ning\u00fan otro dato del que disponga Google.<\/span><\/p>\n<p><span style=\"font-weight: 400;\">The user has the possibility of preventing the processing of this information by configuring their browser to reject the use of cookies. The cookies used provide us with statistical information on browsing in an anonymous form; however, they can be disabled directly in the browser you are using.<\/span><\/p>\n<p><span style=\"font-weight: 400;\">You can allow, block or delete cookies installed on your computer by configuring your browser options. Information on how to do this, in relation to the most common browsers, can be found in the links below:<\/span><\/p>\n<ul>\n<li style=\"font-weight: 400;\" aria-level=\"1\"><span style=\"font-weight: 400;\">Explorador: http:\/\/windows.microsoft.com\/es-es\/windows7\/how-to-manage-cookies-in-internet-explorer-9<\/span><\/li>\n<li style=\"font-weight: 400;\" aria-level=\"1\"><span style=\"font-weight: 400;\">Firefox: http:\/\/support.mozilla.org\/es\/products\/firefox\/cookies<\/span><\/li>\n<li style=\"font-weight: 400;\" aria-level=\"1\"><span style=\"font-weight: 400;\">Cromo: http:\/\/support.google.com\/chrome\/bin\/answer.py?hl=es&amp;answer=95647<\/span><\/li>\n<li style=\"font-weight: 400;\" aria-level=\"1\"><span style=\"font-weight: 400;\">Safari: http:\/\/support.apple.com\/kb\/ph5042<\/span><\/li>\n<\/ul>\n<p><span style=\"font-weight: 400;\">We inform you, however, of the possibility that the deactivation of a cookie may prevent or hinder browsing or the provision of the services offered on this website.<\/span>[\/vc_column_text][\/vc_column][\/vc_row]<\/p>\n","protected":false},"excerpt":{"rendered":"<p>[vc_row][vc_column][vc_column_text]In compliance with the provisions of Article 22.2 of Law 34\/2002, of 11 July, on&hellip;<\/p>\n","protected":false},"author":1,"featured_media":0,"parent":0,"menu_order":0,"comment_status":"closed","ping_status":"closed","template":"","meta":{"_joinchat":[]},"yoast_head":"<!-- This site is optimized with the Yoast SEO plugin v20.9 - https:\/\/yoast.com\/wordpress\/plugins\/seo\/ -->\n<title>Cookies policy - Rent a Bike Sevilla<\/title>\n<meta name=\"robots\" content=\"noindex, nofollow\" \/>\n<meta property=\"og:locale\" content=\"en_US\" \/>\n<meta property=\"og:type\" content=\"article\" \/>\n<meta property=\"og:title\" content=\"Cookies policy - Rent a Bike Sevilla\" \/>\n<meta property=\"og:url\" content=\"https:\/\/rentabikesevilla.com\/en\/cookies-policy\/\" \/>\n<meta property=\"og:site_name\" content=\"Rent a Bike Sevilla\" \/>\n<meta property=\"article:publisher\" content=\"https:\/\/www.facebook.com\/Rent-a-Bike-Sevilla-275551848809\" \/>\n<meta property=\"article:modified_time\" content=\"2023-06-22T21:09:05+00:00\" \/>\n<meta name=\"twitter:card\" content=\"summary_large_image\" \/>\n<meta name=\"twitter:site\" content=\"@Biciactiva\" \/>\n<script type=\"application\/ld+json\" class=\"yoast-schema-graph\">{\"@context\":\"https:\/\/schema.org\",\"@graph\":[{\"@type\":\"WebPage\",\"@id\":\"https:\/\/rentabikesevilla.com\/en\/cookies-policy\/\",\"url\":\"https:\/\/rentabikesevilla.com\/en\/cookies-policy\/\",\"name\":\"Cookies policy - Rent a Bike Sevilla\",\"isPartOf\":{\"@id\":\"https:\/\/rentabikesevilla.com\/en\/#website\"},\"datePublished\":\"2023-06-22T21:09:04+00:00\",\"dateModified\":\"2023-06-22T21:09:05+00:00\",\"breadcrumb\":{\"@id\":\"https:\/\/rentabikesevilla.com\/en\/cookies-policy\/#breadcrumb\"},\"inLanguage\":\"en-US\",\"potentialAction\":[{\"@type\":\"ReadAction\",\"target\":[\"https:\/\/rentabikesevilla.com\/en\/cookies-policy\/\"]}]},{\"@type\":\"BreadcrumbList\",\"@id\":\"https:\/\/rentabikesevilla.com\/en\/cookies-policy\/#breadcrumb\",\"itemListElement\":[{\"@type\":\"ListItem\",\"position\":1,\"name\":\"Portada\",\"item\":\"https:\/\/rentabikesevilla.com\/en\/\"},{\"@type\":\"ListItem\",\"position\":2,\"name\":\"Cookies policy\"}]},{\"@type\":\"WebSite\",\"@id\":\"https:\/\/rentabikesevilla.com\/en\/#website\",\"url\":\"https:\/\/rentabikesevilla.com\/en\/\",\"name\":\"Rent a Bike Sevilla\",\"description\":\"Rent and bike tour in Seville\",\"publisher\":{\"@id\":\"https:\/\/rentabikesevilla.com\/en\/#organization\"},\"potentialAction\":[{\"@type\":\"SearchAction\",\"target\":{\"@type\":\"EntryPoint\",\"urlTemplate\":\"https:\/\/rentabikesevilla.com\/en\/?s={search_term_string}\"},\"query-input\":\"required name=search_term_string\"}],\"inLanguage\":\"en-US\"},{\"@type\":\"Organization\",\"@id\":\"https:\/\/rentabikesevilla.com\/en\/#organization\",\"name\":\"Rent a Bike Sevilla\",\"url\":\"https:\/\/rentabikesevilla.com\/en\/\",\"logo\":{\"@type\":\"ImageObject\",\"inLanguage\":\"en-US\",\"@id\":\"https:\/\/rentabikesevilla.com\/en\/#\/schema\/logo\/image\/\",\"url\":\"https:\/\/rentabikesevilla.com\/wp-content\/uploads\/2016\/08\/icon.png\",\"contentUrl\":\"https:\/\/rentabikesevilla.com\/wp-content\/uploads\/2016\/08\/icon.png\",\"width\":64,\"height\":61,\"caption\":\"Rent a Bike Sevilla\"},\"image\":{\"@id\":\"https:\/\/rentabikesevilla.com\/en\/#\/schema\/logo\/image\/\"},\"sameAs\":[\"https:\/\/www.facebook.com\/Rent-a-Bike-Sevilla-275551848809\",\"https:\/\/twitter.com\/Biciactiva\",\"https:\/\/www.instagram.com\/rentabikesevilla\/\",\"https:\/\/www.tripadvisor.es\/Attraction_Review-g187443-d3937059-Reviews-Rent_a_Bike_Sevilla-Seville_Province_of_Seville_Andalucia.html\"]}]}<\/script>\n<!-- \/ Yoast SEO plugin. -->","yoast_head_json":{"title":"Cookies policy - Rent a Bike Sevilla","robots":{"index":"noindex","follow":"nofollow"},"og_locale":"en_US","og_type":"article","og_title":"Cookies policy - Rent a Bike Sevilla","og_url":"https:\/\/rentabikesevilla.com\/en\/cookies-policy\/","og_site_name":"Rent a Bike Sevilla","article_publisher":"https:\/\/www.facebook.com\/Rent-a-Bike-Sevilla-275551848809","article_modified_time":"2023-06-22T21:09:05+00:00","twitter_card":"summary_large_image","twitter_site":"@Biciactiva","schema":{"@context":"https:\/\/schema.org","@graph":[{"@type":"WebPage","@id":"https:\/\/rentabikesevilla.com\/en\/cookies-policy\/","url":"https:\/\/rentabikesevilla.com\/en\/cookies-policy\/","name":"Cookies policy - Rent a Bike Sevilla","isPartOf":{"@id":"https:\/\/rentabikesevilla.com\/en\/#website"},"datePublished":"2023-06-22T21:09:04+00:00","dateModified":"2023-06-22T21:09:05+00:00","breadcrumb":{"@id":"https:\/\/rentabikesevilla.com\/en\/cookies-policy\/#breadcrumb"},"inLanguage":"en-US","potentialAction":[{"@type":"ReadAction","target":["https:\/\/rentabikesevilla.com\/en\/cookies-policy\/"]}]},{"@type":"BreadcrumbList","@id":"https:\/\/rentabikesevilla.com\/en\/cookies-policy\/#breadcrumb","itemListElement":[{"@type":"ListItem","position":1,"name":"Portada","item":"https:\/\/rentabikesevilla.com\/en\/"},{"@type":"ListItem","position":2,"name":"Cookies policy"}]},{"@type":"WebSite","@id":"https:\/\/rentabikesevilla.com\/en\/#website","url":"https:\/\/rentabikesevilla.com\/en\/","name":"Rent a Bike Sevilla","description":"Rent and bike tour in Seville","publisher":{"@id":"https:\/\/rentabikesevilla.com\/en\/#organization"},"potentialAction":[{"@type":"SearchAction","target":{"@type":"EntryPoint","urlTemplate":"https:\/\/rentabikesevilla.com\/en\/?s={search_term_string}"},"query-input":"required name=search_term_string"}],"inLanguage":"en-US"},{"@type":"Organization","@id":"https:\/\/rentabikesevilla.com\/en\/#organization","name":"Rent a Bike Sevilla","url":"https:\/\/rentabikesevilla.com\/en\/","logo":{"@type":"ImageObject","inLanguage":"en-US","@id":"https:\/\/rentabikesevilla.com\/en\/#\/schema\/logo\/image\/","url":"https:\/\/rentabikesevilla.com\/wp-content\/uploads\/2016\/08\/icon.png","contentUrl":"https:\/\/rentabikesevilla.com\/wp-content\/uploads\/2016\/08\/icon.png","width":64,"height":61,"caption":"Rent a Bike Sevilla"},"image":{"@id":"https:\/\/rentabikesevilla.com\/en\/#\/schema\/logo\/image\/"},"sameAs":["https:\/\/www.facebook.com\/Rent-a-Bike-Sevilla-275551848809","https:\/\/twitter.com\/Biciactiva","https:\/\/www.instagram.com\/rentabikesevilla\/","https:\/\/www.tripadvisor.es\/Attraction_Review-g187443-d3937059-Reviews-Rent_a_Bike_Sevilla-Seville_Province_of_Seville_Andalucia.html"]}]}},"_links":{"self":[{"href":"https:\/\/rentabikesevilla.com\/en\/wp-json\/wp\/v2\/pages\/4286"}],"collection":[{"href":"https:\/\/rentabikesevilla.com\/en\/wp-json\/wp\/v2\/pages"}],"about":[{"href":"https:\/\/rentabikesevilla.com\/en\/wp-json\/wp\/v2\/types\/page"}],"author":[{"embeddable":true,"href":"https:\/\/rentabikesevilla.com\/en\/wp-json\/wp\/v2\/users\/1"}],"replies":[{"embeddable":true,"href":"https:\/\/rentabikesevilla.com\/en\/wp-json\/wp\/v2\/comments?post=4286"}],"version-history":[{"count":2,"href":"https:\/\/rentabikesevilla.com\/en\/wp-json\/wp\/v2\/pages\/4286\/revisions"}],"predecessor-version":[{"id":4288,"href":"https:\/\/rentabikesevilla.com\/en\/wp-json\/wp\/v2\/pages\/4286\/revisions\/4288"}],"wp:attachment":[{"href":"https:\/\/rentabikesevilla.com\/en\/wp-json\/wp\/v2\/media?parent=4286"}],"curies":[{"name":"wp","href":"https:\/\/api.w.org\/{rel}","templated":true}]}}